{"id":36239,"date":"2016-07-22T10:25:52","date_gmt":"2016-07-22T10:25:52","guid":{"rendered":"http:\/\/canmiquelrestaurant.com\/fr\/?page_id=36239"},"modified":"2023-07-03T15:12:37","modified_gmt":"2023-07-03T15:12:37","slug":"contact","status":"publish","type":"page","link":"https:\/\/canmiquelrestaurant.com\/fr\/contact\/","title":{"rendered":"Contact"},"content":{"rendered":"<div class=\"wpb-content-wrapper\"><p>[vc_row][vc_column]<div id=\"ultimate-heading-177869dd24940dd3e\" class=\"uvc-heading ult-adjust-bottom-margin ultimate-heading-177869dd24940dd3e uvc-6865 \" data-hspacer=\"no_spacer\"  data-halign=\"center\" style=\"text-align:center\"><div class=\"uvc-heading-spacer no_spacer\" style=\"top\"><\/div><div class=\"uvc-main-heading ult-responsive\"  data-ultimate-target='.uvc-heading.ultimate-heading-177869dd24940dd3e h1'  data-responsive-json-new='{\"font-size\":\"desktop:80px;\",\"line-height\":\"\"}' ><h1 style=\"font-family:&#039;Kristi&#039;;font-weight:normal;color:#db8c65;\">contacter<\/h1><\/div><div class=\"uvc-sub-heading ult-responsive\"  data-ultimate-target='.uvc-heading.ultimate-heading-177869dd24940dd3e .uvc-sub-heading '  data-responsive-json-new='{\"font-size\":\"desktop:30px;\",\"line-height\":\"\"}'  style=\"font-family:&#039;Open Sans&#039;;font-weight:300;color:#000000;\">VENEZ \u00c0 NOTRE RESTAURANT<\/div><\/div>[vc_empty_space height=\u00a0\u00bb35px\u00a0\u00bb][\/vc_column][\/vc_row][vc_row][vc_column el_class=\u00a0\u00bbdoble-caja-container-derecha\u00a0\u00bb][vc_row_inner][vc_column_inner el_class=\u00a0\u00bbdoble-caja-imagen\u00a0\u00bb width=\u00a0\u00bb1\/2&Prime;][vc_single_image image=\u00a0\u00bb36147&Prime; img_size=\u00a0\u00bbfull\u00a0\u00bb add_caption=\u00a0\u00bbyes\u00a0\u00bb][\/vc_column_inner][vc_column_inner el_class=\u00a0\u00bbdoble-caja-flotada\u00a0\u00bb width=\u00a0\u00bb1\/2&Prime;][vc_column_text]<\/p>\n<h3>ADRESSE<\/h3>\n<p>[\/vc_column_text][vc_column_text el_class=\u00a0\u00bbdoble-caja-contenido\u00a0\u00bb]Platja de Montg\u00f3 s\/n 17130<\/p>\n<p>L\u2019escala, Girona<\/p>\n<p>T. 972 771 002[\/vc_column_text][vc_empty_space height=\u00a0\u00bb35px\u00a0\u00bb][vc_column_text]<\/p>\n<h3>COMMENT ARRIVER<\/h3>\n<p>[\/vc_column_text][vc_column_text el_class=\u00a0\u00bbdoble-caja-contenido\u00a0\u00bb]Une fois que vous quittez l&rsquo;autoroute AP7, prendre la C 31 et se connecter avec la GI-623 jusqu&rsquo;\u00e0 ce que nous atteignons <span style=\"color: #000000;\"><a style=\"color: #000000;\" href=\"https:\/\/canmiquelrestaurant.com\/fr\/le-restaurant\/\">notre restaurant \u00e0 Cala Montg\u00f3<\/a><\/span>[\/vc_column_text][\/vc_column_inner][\/vc_row_inner][vc_empty_space height=\u00a0\u00bb20px\u00a0\u00bb][\/vc_column][\/vc_row]<\/p>\n<\/div>","protected":false},"excerpt":{"rendered":"<p>[vc_row][vc_column][vc_empty_space height=\u00a0\u00bb35px\u00a0\u00bb][\/vc_column][\/vc_row][vc_row][vc_column el_class=\u00a0\u00bbdoble-caja-container-derecha\u00a0\u00bb][vc_row_inner][vc_column_inner el_class=\u00a0\u00bbdoble-caja-imagen\u00a0\u00bb width=\u00a0\u00bb1\/2&Prime;][vc_single_image image=\u00a0\u00bb36147&Prime; img_size=\u00a0\u00bbfull\u00a0\u00bb add_caption=\u00a0\u00bbyes\u00a0\u00bb][\/vc_column_inner][vc_column_inner el_class=\u00a0\u00bbdoble-caja-flotada\u00a0\u00bb width=\u00a0\u00bb1\/2&Prime;][vc_column_text] ADRESSE [\/vc_column_text][vc_column_text el_class=\u00a0\u00bbdoble-caja-contenido\u00a0\u00bb]Platja de Montg\u00f3 s\/n 17130 L\u2019escala, Girona T. 972 771 002[\/vc_column_text][vc_empty_space height=\u00a0\u00bb35px\u00a0\u00bb][vc_column_text] COMMENT ARRIVER [\/vc_column_text][vc_column_text el_class=\u00a0\u00bbdoble-caja-contenido\u00a0\u00bb]Une fois que vous quittez l&rsquo;autoroute AP7, prendre la C 31 et se connecter avec la GI-623 jusqu&rsquo;\u00e0 ce que nous atteignons notre restaurant \u00e0 Cala Montg\u00f3[\/vc_column_text][\/vc_column_inner][\/vc_row_inner][vc_empty_space height=\u00a0\u00bb20px\u00a0\u00bb][\/vc_column][\/vc_row]<\/p>\n","protected":false},"author":1,"featured_media":0,"parent":0,"menu_order":0,"comment_status":"closed","ping_status":"closed","template":"","meta":{"_acf_changed":false},"class_list":["post-36239","page","type-page","status-publish","hentry","description-off"],"acf":[],"yoast_head":"<!-- This site is optimized with the Yoast SEO plugin v27.1.1 - https:\/\/yoast.com\/product\/yoast-seo-wordpress\/ -->\n<title>Contact - Can Miquel<\/title>\n<meta name=\"robots\" content=\"index, follow, max-snippet:-1, max-image-preview:large, max-video-preview:-1\" \/>\n<link rel=\"canonical\" href=\"https:\/\/canmiquelrestaurant.com\/fr\/contact\/\" \/>\n<meta property=\"og:locale\" content=\"fr_FR\" \/>\n<meta property=\"og:type\" content=\"article\" \/>\n<meta property=\"og:title\" content=\"Contact - Can Miquel\" \/>\n<meta property=\"og:description\" content=\"[vc_row][vc_column][vc_empty_space height=\u00a0\u00bb35px\u00a0\u00bb][\/vc_column][\/vc_row][vc_row][vc_column el_class=\u00a0\u00bbdoble-caja-container-derecha\u00a0\u00bb][vc_row_inner][vc_column_inner el_class=\u00a0\u00bbdoble-caja-imagen\u00a0\u00bb width=\u00a0\u00bb1\/2&Prime;][vc_single_image image=\u00a0\u00bb36147&Prime; img_size=\u00a0\u00bbfull\u00a0\u00bb add_caption=\u00a0\u00bbyes\u00a0\u00bb][\/vc_column_inner][vc_column_inner el_class=\u00a0\u00bbdoble-caja-flotada\u00a0\u00bb width=\u00a0\u00bb1\/2&Prime;][vc_column_text] ADRESSE [\/vc_column_text][vc_column_text el_class=\u00a0\u00bbdoble-caja-contenido\u00a0\u00bb]Platja de Montg\u00f3 s\/n 17130 L\u2019escala, Girona T. 972 771 002[\/vc_column_text][vc_empty_space height=\u00a0\u00bb35px\u00a0\u00bb][vc_column_text] COMMENT ARRIVER [\/vc_column_text][vc_column_text el_class=\u00a0\u00bbdoble-caja-contenido\u00a0\u00bb]Une fois que vous quittez l&rsquo;autoroute AP7, prendre la C 31 et se connecter avec la GI-623 jusqu&rsquo;\u00e0 ce que nous atteignons notre restaurant \u00e0 Cala Montg\u00f3[\/vc_column_text][\/vc_column_inner][\/vc_row_inner][vc_empty_space height=\u00a0\u00bb20px\u00a0\u00bb][\/vc_column][\/vc_row]\" \/>\n<meta property=\"og:url\" content=\"https:\/\/canmiquelrestaurant.com\/fr\/contact\/\" \/>\n<meta property=\"og:site_name\" content=\"Can Miquel\" \/>\n<meta property=\"article:publisher\" content=\"https:\/\/www.facebook.com\/canmiquelrestaurant\/\" \/>\n<meta property=\"article:modified_time\" content=\"2023-07-03T15:12:37+00:00\" \/>\n<meta name=\"twitter:card\" content=\"summary_large_image\" \/>\n<meta name=\"twitter:label1\" content=\"Dur\u00e9e de lecture estim\u00e9e\" \/>\n\t<meta name=\"twitter:data1\" content=\"1 minute\" \/>\n<script type=\"application\/ld+json\" class=\"yoast-schema-graph\">{\"@context\":\"https:\/\/schema.org\",\"@graph\":[{\"@type\":\"WebPage\",\"@id\":\"https:\/\/canmiquelrestaurant.com\/fr\/contact\/\",\"url\":\"https:\/\/canmiquelrestaurant.com\/fr\/contact\/\",\"name\":\"Contact - Can Miquel\",\"isPartOf\":{\"@id\":\"https:\/\/canmiquelrestaurant.com\/fr\/#website\"},\"datePublished\":\"2016-07-22T10:25:52+00:00\",\"dateModified\":\"2023-07-03T15:12:37+00:00\",\"breadcrumb\":{\"@id\":\"https:\/\/canmiquelrestaurant.com\/fr\/contact\/#breadcrumb\"},\"inLanguage\":\"fr-FR\",\"potentialAction\":[{\"@type\":\"ReadAction\",\"target\":[\"https:\/\/canmiquelrestaurant.com\/fr\/contact\/\"]}]},{\"@type\":\"BreadcrumbList\",\"@id\":\"https:\/\/canmiquelrestaurant.com\/fr\/contact\/#breadcrumb\",\"itemListElement\":[{\"@type\":\"ListItem\",\"position\":1,\"name\":\"Portada\",\"item\":\"https:\/\/canmiquelrestaurant.com\/fr\/\"},{\"@type\":\"ListItem\",\"position\":2,\"name\":\"Contact\"}]},{\"@type\":\"WebSite\",\"@id\":\"https:\/\/canmiquelrestaurant.com\/fr\/#website\",\"url\":\"https:\/\/canmiquelrestaurant.com\/fr\/\",\"name\":\"Can Miquel\",\"description\":\"El restaurant Can Miquel \u00e9s un petit oasi a la Cala Montg\u00f3\",\"potentialAction\":[{\"@type\":\"SearchAction\",\"target\":{\"@type\":\"EntryPoint\",\"urlTemplate\":\"https:\/\/canmiquelrestaurant.com\/fr\/?s={search_term_string}\"},\"query-input\":{\"@type\":\"PropertyValueSpecification\",\"valueRequired\":true,\"valueName\":\"search_term_string\"}}],\"inLanguage\":\"fr-FR\"}]}<\/script>\n<!-- \/ Yoast SEO plugin. -->","yoast_head_json":{"title":"Contact - Can Miquel","robots":{"index":"index","follow":"follow","max-snippet":"max-snippet:-1","max-image-preview":"max-image-preview:large","max-video-preview":"max-video-preview:-1"},"canonical":"https:\/\/canmiquelrestaurant.com\/fr\/contact\/","og_locale":"fr_FR","og_type":"article","og_title":"Contact - Can Miquel","og_description":"[vc_row][vc_column][vc_empty_space height=\u00a0\u00bb35px\u00a0\u00bb][\/vc_column][\/vc_row][vc_row][vc_column el_class=\u00a0\u00bbdoble-caja-container-derecha\u00a0\u00bb][vc_row_inner][vc_column_inner el_class=\u00a0\u00bbdoble-caja-imagen\u00a0\u00bb width=\u00a0\u00bb1\/2&Prime;][vc_single_image image=\u00a0\u00bb36147&Prime; img_size=\u00a0\u00bbfull\u00a0\u00bb add_caption=\u00a0\u00bbyes\u00a0\u00bb][\/vc_column_inner][vc_column_inner el_class=\u00a0\u00bbdoble-caja-flotada\u00a0\u00bb width=\u00a0\u00bb1\/2&Prime;][vc_column_text] ADRESSE [\/vc_column_text][vc_column_text el_class=\u00a0\u00bbdoble-caja-contenido\u00a0\u00bb]Platja de Montg\u00f3 s\/n 17130 L\u2019escala, Girona T. 972 771 002[\/vc_column_text][vc_empty_space height=\u00a0\u00bb35px\u00a0\u00bb][vc_column_text] COMMENT ARRIVER [\/vc_column_text][vc_column_text el_class=\u00a0\u00bbdoble-caja-contenido\u00a0\u00bb]Une fois que vous quittez l&rsquo;autoroute AP7, prendre la C 31 et se connecter avec la GI-623 jusqu&rsquo;\u00e0 ce que nous atteignons notre restaurant \u00e0 Cala Montg\u00f3[\/vc_column_text][\/vc_column_inner][\/vc_row_inner][vc_empty_space height=\u00a0\u00bb20px\u00a0\u00bb][\/vc_column][\/vc_row]","og_url":"https:\/\/canmiquelrestaurant.com\/fr\/contact\/","og_site_name":"Can Miquel","article_publisher":"https:\/\/www.facebook.com\/canmiquelrestaurant\/","article_modified_time":"2023-07-03T15:12:37+00:00","twitter_card":"summary_large_image","twitter_misc":{"Dur\u00e9e de lecture estim\u00e9e":"1 minute"},"schema":{"@context":"https:\/\/schema.org","@graph":[{"@type":"WebPage","@id":"https:\/\/canmiquelrestaurant.com\/fr\/contact\/","url":"https:\/\/canmiquelrestaurant.com\/fr\/contact\/","name":"Contact - Can Miquel","isPartOf":{"@id":"https:\/\/canmiquelrestaurant.com\/fr\/#website"},"datePublished":"2016-07-22T10:25:52+00:00","dateModified":"2023-07-03T15:12:37+00:00","breadcrumb":{"@id":"https:\/\/canmiquelrestaurant.com\/fr\/contact\/#breadcrumb"},"inLanguage":"fr-FR","potentialAction":[{"@type":"ReadAction","target":["https:\/\/canmiquelrestaurant.com\/fr\/contact\/"]}]},{"@type":"BreadcrumbList","@id":"https:\/\/canmiquelrestaurant.com\/fr\/contact\/#breadcrumb","itemListElement":[{"@type":"ListItem","position":1,"name":"Portada","item":"https:\/\/canmiquelrestaurant.com\/fr\/"},{"@type":"ListItem","position":2,"name":"Contact"}]},{"@type":"WebSite","@id":"https:\/\/canmiquelrestaurant.com\/fr\/#website","url":"https:\/\/canmiquelrestaurant.com\/fr\/","name":"Can Miquel","description":"El restaurant Can Miquel \u00e9s un petit oasi a la Cala Montg\u00f3","potentialAction":[{"@type":"SearchAction","target":{"@type":"EntryPoint","urlTemplate":"https:\/\/canmiquelrestaurant.com\/fr\/?s={search_term_string}"},"query-input":{"@type":"PropertyValueSpecification","valueRequired":true,"valueName":"search_term_string"}}],"inLanguage":"fr-FR"}]}},"_links":{"self":[{"href":"https:\/\/canmiquelrestaurant.com\/fr\/wp-json\/wp\/v2\/pages\/36239","targetHints":{"allow":["GET"]}}],"collection":[{"href":"https:\/\/canmiquelrestaurant.com\/fr\/wp-json\/wp\/v2\/pages"}],"about":[{"href":"https:\/\/canmiquelrestaurant.com\/fr\/wp-json\/wp\/v2\/types\/page"}],"author":[{"embeddable":true,"href":"https:\/\/canmiquelrestaurant.com\/fr\/wp-json\/wp\/v2\/users\/1"}],"replies":[{"embeddable":true,"href":"https:\/\/canmiquelrestaurant.com\/fr\/wp-json\/wp\/v2\/comments?post=36239"}],"version-history":[{"count":1,"href":"https:\/\/canmiquelrestaurant.com\/fr\/wp-json\/wp\/v2\/pages\/36239\/revisions"}],"predecessor-version":[{"id":38238,"href":"https:\/\/canmiquelrestaurant.com\/fr\/wp-json\/wp\/v2\/pages\/36239\/revisions\/38238"}],"wp:attachment":[{"href":"https:\/\/canmiquelrestaurant.com\/fr\/wp-json\/wp\/v2\/media?parent=36239"}],"curies":[{"name":"wp","href":"https:\/\/api.w.org\/{rel}","templated":true}]}}