{"id":36165,"date":"2016-07-21T10:30:49","date_gmt":"2016-07-21T10:30:49","guid":{"rendered":"http:\/\/canmiquelrestaurant.com\/fr\/?page_id=36165"},"modified":"2017-04-21T12:55:53","modified_gmt":"2017-04-21T10:55:53","slug":"le-restaurant","status":"publish","type":"page","link":"https:\/\/canmiquelrestaurant.com\/fr\/le-restaurant\/","title":{"rendered":"Restaurant"},"content":{"rendered":"<div class=\"wpb-content-wrapper\"><p>[vc_row][vc_column]<div id=\"ultimate-heading-355969dbc18c8d1a4\" class=\"uvc-heading ult-adjust-bottom-margin ultimate-heading-355969dbc18c8d1a4 uvc-9198 \" data-hspacer=\"no_spacer\"  data-halign=\"center\" style=\"text-align:center\"><div class=\"uvc-heading-spacer no_spacer\" style=\"top\"><\/div><div class=\"uvc-main-heading ult-responsive\"  data-ultimate-target='.uvc-heading.ultimate-heading-355969dbc18c8d1a4 h1'  data-responsive-json-new='{\"font-size\":\"desktop:80px;\",\"line-height\":\"\"}' ><h1 style=\"font-family:&#039;Kristi&#039;;font-weight:normal;color:#db8c65;\">le restaurant<\/h1><\/div><div class=\"uvc-sub-heading ult-responsive\"  data-ultimate-target='.uvc-heading.ultimate-heading-355969dbc18c8d1a4 .uvc-sub-heading '  data-responsive-json-new='{\"font-size\":\"desktop:30px;\",\"line-height\":\"\"}'  style=\"font-family:&#039;Open Sans&#039;;font-weight:300;color:#000000;\">CAN MIQUEL<\/div><\/div>[vc_empty_space height=\u00a0\u00bb35px\u00a0\u00bb][\/vc_column][\/vc_row][vc_row][vc_column el_class=\u00a0\u00bbdoble-caja-container-derecha\u00a0\u00bb][vc_row_inner][vc_column_inner el_class=\u00a0\u00bbdoble-caja-imagen\u00a0\u00bb width=\u00a0\u00bb1\/2&Prime;][vc_single_image image=\u00a0\u00bb36013&Prime; img_size=\u00a0\u00bbfull\u00a0\u00bb add_caption=\u00a0\u00bbyes\u00a0\u00bb][\/vc_column_inner][vc_column_inner el_class=\u00a0\u00bbdoble-caja-flotada\u00a0\u00bb width=\u00a0\u00bb1\/2&Prime;][vc_column_text el_class=\u00a0\u00bbdoble-caja-titulo-fuente\u00a0\u00bb]<span id=\"result_box\" class=\"short_text\" lang=\"ca\"><span class=\"\">l&rsquo;environnement<\/span><\/span>[\/vc_column_text][vc_column_text]<\/p>\n<h1>CALA MONTG\u00d3<\/h1>\n<p>[\/vc_column_text][vc_column_text el_class=\u00a0\u00bbdoble-caja-contenido\u00a0\u00bb]Restaurant Can Miquel est situ\u00e9 \u00e0 Cala Montgo, un des sites les plus populaires de la Costa Brava, la c\u00f4te nord de la Catalogne, dans la ville de L&rsquo;Escala. Cette situation donne au restaurant une atmosph\u00e8re unique Can Miquel sur la c\u00f4te catalane. Le bruit des vagues, l&rsquo;odeur de la mer et une baie calme \u00e0 donnent \u00e0 le lieu une magie particuli\u00e8re, pour profiter d&rsquo;un repas en famille ou pour un d\u00eener romantique avec votre partenaire, Can Miquel a atmosph\u00e8re qui a une atmosph\u00e8re qui feront de chaque repas un \u00e9v\u00e8nement.[\/vc_column_text][\/vc_column_inner][\/vc_row_inner][vc_empty_space height=\u00a0\u00bb20px\u00a0\u00bb][\/vc_column][\/vc_row][vc_row][vc_column el_class=\u00a0\u00bbdoble-caja-container-izquierda\u00a0\u00bb][vc_row_inner][vc_column_inner el_class=\u00a0\u00bbdoble-caja-imagen\u00a0\u00bb width=\u00a0\u00bb1\/2&Prime;][vc_single_image image=\u00a0\u00bb36019&Prime; img_size=\u00a0\u00bbfull\u00a0\u00bb add_caption=\u00a0\u00bbyes\u00a0\u00bb][\/vc_column_inner][vc_column_inner el_class=\u00a0\u00bbdoble-caja-flotada\u00a0\u00bb width=\u00a0\u00bb1\/2&Prime;][vc_column_text el_class=\u00a0\u00bbdoble-caja-titulo-fuente\u00a0\u00bb]notre[\/vc_column_text][vc_column_text]<\/p>\n<h1>HISTOIRE<\/h1>\n<p>[\/vc_column_text][vc_column_text el_class=\u00a0\u00bbdoble-caja-contenido\u00a0\u00bb]Restaurant d&rsquo;origine m\u00e9diterran\u00e9enne, d\u00e9di\u00e9e \u00e0 la cuisine traditionnelle depuis sa cr\u00e9ation, nous avons grandi et \u00e9volu\u00e9 avec le temps, sans oublier l&rsquo;essence qui nous caract\u00e9rise: une cuisine locale et des recettes traditionnelles. Nous accueillons une nouvelle g\u00e9n\u00e9ration de chefs avec une exp\u00e9rience qui donnent \u00e0 la cuisine mediterran\u00e9ene et de proximit\u00e9 de Can Miquel une touche contemporaine et distinte qu\u2019elle m\u00e9rite.[\/vc_column_text][\/vc_column_inner][\/vc_row_inner][vc_empty_space height=\u00a0\u00bb20px\u00a0\u00bb][\/vc_column][\/vc_row][vc_row][vc_column el_class=\u00a0\u00bbdoble-caja-container-derecha\u00a0\u00bb][vc_row_inner][vc_column_inner el_class=\u00a0\u00bbdoble-caja-imagen\u00a0\u00bb width=\u00a0\u00bb1\/2&Prime;][vc_single_image image=\u00a0\u00bb36020&Prime; img_size=\u00a0\u00bbfull\u00a0\u00bb add_caption=\u00a0\u00bbyes\u00a0\u00bb][\/vc_column_inner][vc_column_inner el_class=\u00a0\u00bbdoble-caja-flotada\u00a0\u00bb width=\u00a0\u00bb1\/2&Prime;][vc_column_text el_class=\u00a0\u00bbdoble-caja-titulo-fuente\u00a0\u00bb]<span id=\"result_box\" class=\"short_text\" lang=\"ca\"><span class=\"\">saveur m\u00e9diterran\u00e9enne<\/span><\/span>[\/vc_column_text][vc_column_text]<\/p>\n<h1>RESTAURANT<\/h1>\n<p>[\/vc_column_text][vc_column_text el_class=\u00a0\u00bbdoble-caja-contenido\u00a0\u00bb]Chaque plat pr\u00e9par\u00e9 \u00e0 Can Miquel met en vedette des produits locaux pr\u00e9par\u00e9s avec soin elabor\u00e9s dans le detail afin que \u00e0 chaque bouch\u00e9e vous puissiez profiter d\u2019un morceaux de la mediterran\u00e9e.\u00a0Des produits de qualit\u00e9 transform\u00e9s en une fusion de saveurs qui rapellent la c\u00f4te catalane traditionelle, toujours avec la touche speciale de Can Miquel. Saveur qui se combinent parfaitement avec les vins de la n\u00f2tre terre.\u00a0Venez \u00e0 Can Miquel savoreur le parfait \u00e9quilibre de saveurs et de textures. Viandes, poissons et surtout les riz, vous amm\u00e8nerons les saveurs de la mediterran\u00e9e \u00e0 chaque bouch\u00e9e.[\/vc_column_text][\/vc_column_inner][\/vc_row_inner][vc_empty_space height=\u00a0\u00bb20px\u00a0\u00bb][\/vc_column][\/vc_row]<\/p>\n<\/div>","protected":false},"excerpt":{"rendered":"<p>[vc_row][vc_column][vc_empty_space height=\u00a0\u00bb35px\u00a0\u00bb][\/vc_column][\/vc_row][vc_row][vc_column el_class=\u00a0\u00bbdoble-caja-container-derecha\u00a0\u00bb][vc_row_inner][vc_column_inner el_class=\u00a0\u00bbdoble-caja-imagen\u00a0\u00bb width=\u00a0\u00bb1\/2&Prime;][vc_single_image image=\u00a0\u00bb36013&Prime; img_size=\u00a0\u00bbfull\u00a0\u00bb add_caption=\u00a0\u00bbyes\u00a0\u00bb][\/vc_column_inner][vc_column_inner el_class=\u00a0\u00bbdoble-caja-flotada\u00a0\u00bb width=\u00a0\u00bb1\/2&Prime;][vc_column_text el_class=\u00a0\u00bbdoble-caja-titulo-fuente\u00a0\u00bb]l&rsquo;environnement[\/vc_column_text][vc_column_text] CALA MONTG\u00d3 [\/vc_column_text][vc_column_text el_class=\u00a0\u00bbdoble-caja-contenido\u00a0\u00bb]Restaurant Can Miquel est situ\u00e9 \u00e0 Cala Montgo, un des sites les plus populaires de la Costa Brava, la c\u00f4te nord de la Catalogne, dans la ville de L&rsquo;Escala. Cette situation donne au restaurant une atmosph\u00e8re unique Can Miquel sur la&hellip;<\/p>\n","protected":false},"author":1,"featured_media":0,"parent":0,"menu_order":0,"comment_status":"closed","ping_status":"closed","template":"","meta":{"_acf_changed":false},"class_list":["post-36165","page","type-page","status-publish","hentry","description-off"],"acf":[],"yoast_head":"<!-- This site is optimized with the Yoast SEO plugin v27.1.1 - https:\/\/yoast.com\/product\/yoast-seo-wordpress\/ -->\n<title>Restaurant - Can Miquel<\/title>\n<meta name=\"robots\" content=\"index, follow, max-snippet:-1, max-image-preview:large, max-video-preview:-1\" \/>\n<link rel=\"canonical\" href=\"https:\/\/canmiquelrestaurant.com\/fr\/le-restaurant\/\" \/>\n<meta property=\"og:locale\" content=\"fr_FR\" \/>\n<meta property=\"og:type\" content=\"article\" \/>\n<meta property=\"og:title\" content=\"Restaurant - Can Miquel\" \/>\n<meta property=\"og:description\" content=\"[vc_row][vc_column][vc_empty_space height=\u00a0\u00bb35px\u00a0\u00bb][\/vc_column][\/vc_row][vc_row][vc_column el_class=\u00a0\u00bbdoble-caja-container-derecha\u00a0\u00bb][vc_row_inner][vc_column_inner el_class=\u00a0\u00bbdoble-caja-imagen\u00a0\u00bb width=\u00a0\u00bb1\/2&Prime;][vc_single_image image=\u00a0\u00bb36013&Prime; img_size=\u00a0\u00bbfull\u00a0\u00bb add_caption=\u00a0\u00bbyes\u00a0\u00bb][\/vc_column_inner][vc_column_inner el_class=\u00a0\u00bbdoble-caja-flotada\u00a0\u00bb width=\u00a0\u00bb1\/2&Prime;][vc_column_text el_class=\u00a0\u00bbdoble-caja-titulo-fuente\u00a0\u00bb]l&rsquo;environnement[\/vc_column_text][vc_column_text] CALA MONTG\u00d3 [\/vc_column_text][vc_column_text el_class=\u00a0\u00bbdoble-caja-contenido\u00a0\u00bb]Restaurant Can Miquel est situ\u00e9 \u00e0 Cala Montgo, un des sites les plus populaires de la Costa Brava, la c\u00f4te nord de la Catalogne, dans la ville de L&rsquo;Escala. Cette situation donne au restaurant une atmosph\u00e8re unique Can Miquel sur la&hellip;\" \/>\n<meta property=\"og:url\" content=\"https:\/\/canmiquelrestaurant.com\/fr\/le-restaurant\/\" \/>\n<meta property=\"og:site_name\" content=\"Can Miquel\" \/>\n<meta property=\"article:publisher\" content=\"https:\/\/www.facebook.com\/canmiquelrestaurant\/\" \/>\n<meta property=\"article:modified_time\" content=\"2017-04-21T10:55:53+00:00\" \/>\n<meta name=\"twitter:card\" content=\"summary_large_image\" \/>\n<meta name=\"twitter:label1\" content=\"Dur\u00e9e de lecture estim\u00e9e\" \/>\n\t<meta name=\"twitter:data1\" content=\"3 minutes\" \/>\n<script type=\"application\/ld+json\" class=\"yoast-schema-graph\">{\"@context\":\"https:\/\/schema.org\",\"@graph\":[{\"@type\":\"WebPage\",\"@id\":\"https:\/\/canmiquelrestaurant.com\/fr\/le-restaurant\/\",\"url\":\"https:\/\/canmiquelrestaurant.com\/fr\/le-restaurant\/\",\"name\":\"Restaurant - Can Miquel\",\"isPartOf\":{\"@id\":\"https:\/\/canmiquelrestaurant.com\/fr\/#website\"},\"datePublished\":\"2016-07-21T10:30:49+00:00\",\"dateModified\":\"2017-04-21T10:55:53+00:00\",\"breadcrumb\":{\"@id\":\"https:\/\/canmiquelrestaurant.com\/fr\/le-restaurant\/#breadcrumb\"},\"inLanguage\":\"fr-FR\",\"potentialAction\":[{\"@type\":\"ReadAction\",\"target\":[\"https:\/\/canmiquelrestaurant.com\/fr\/le-restaurant\/\"]}]},{\"@type\":\"BreadcrumbList\",\"@id\":\"https:\/\/canmiquelrestaurant.com\/fr\/le-restaurant\/#breadcrumb\",\"itemListElement\":[{\"@type\":\"ListItem\",\"position\":1,\"name\":\"Portada\",\"item\":\"https:\/\/canmiquelrestaurant.com\/fr\/\"},{\"@type\":\"ListItem\",\"position\":2,\"name\":\"Restaurant\"}]},{\"@type\":\"WebSite\",\"@id\":\"https:\/\/canmiquelrestaurant.com\/fr\/#website\",\"url\":\"https:\/\/canmiquelrestaurant.com\/fr\/\",\"name\":\"Can Miquel\",\"description\":\"El restaurant Can Miquel \u00e9s un petit oasi a la Cala Montg\u00f3\",\"potentialAction\":[{\"@type\":\"SearchAction\",\"target\":{\"@type\":\"EntryPoint\",\"urlTemplate\":\"https:\/\/canmiquelrestaurant.com\/fr\/?s={search_term_string}\"},\"query-input\":{\"@type\":\"PropertyValueSpecification\",\"valueRequired\":true,\"valueName\":\"search_term_string\"}}],\"inLanguage\":\"fr-FR\"}]}<\/script>\n<!-- \/ Yoast SEO plugin. -->","yoast_head_json":{"title":"Restaurant - Can Miquel","robots":{"index":"index","follow":"follow","max-snippet":"max-snippet:-1","max-image-preview":"max-image-preview:large","max-video-preview":"max-video-preview:-1"},"canonical":"https:\/\/canmiquelrestaurant.com\/fr\/le-restaurant\/","og_locale":"fr_FR","og_type":"article","og_title":"Restaurant - Can Miquel","og_description":"[vc_row][vc_column][vc_empty_space height=\u00a0\u00bb35px\u00a0\u00bb][\/vc_column][\/vc_row][vc_row][vc_column el_class=\u00a0\u00bbdoble-caja-container-derecha\u00a0\u00bb][vc_row_inner][vc_column_inner el_class=\u00a0\u00bbdoble-caja-imagen\u00a0\u00bb width=\u00a0\u00bb1\/2&Prime;][vc_single_image image=\u00a0\u00bb36013&Prime; img_size=\u00a0\u00bbfull\u00a0\u00bb add_caption=\u00a0\u00bbyes\u00a0\u00bb][\/vc_column_inner][vc_column_inner el_class=\u00a0\u00bbdoble-caja-flotada\u00a0\u00bb width=\u00a0\u00bb1\/2&Prime;][vc_column_text el_class=\u00a0\u00bbdoble-caja-titulo-fuente\u00a0\u00bb]l&rsquo;environnement[\/vc_column_text][vc_column_text] CALA MONTG\u00d3 [\/vc_column_text][vc_column_text el_class=\u00a0\u00bbdoble-caja-contenido\u00a0\u00bb]Restaurant Can Miquel est situ\u00e9 \u00e0 Cala Montgo, un des sites les plus populaires de la Costa Brava, la c\u00f4te nord de la Catalogne, dans la ville de L&rsquo;Escala. Cette situation donne au restaurant une atmosph\u00e8re unique Can Miquel sur la&hellip;","og_url":"https:\/\/canmiquelrestaurant.com\/fr\/le-restaurant\/","og_site_name":"Can Miquel","article_publisher":"https:\/\/www.facebook.com\/canmiquelrestaurant\/","article_modified_time":"2017-04-21T10:55:53+00:00","twitter_card":"summary_large_image","twitter_misc":{"Dur\u00e9e de lecture estim\u00e9e":"3 minutes"},"schema":{"@context":"https:\/\/schema.org","@graph":[{"@type":"WebPage","@id":"https:\/\/canmiquelrestaurant.com\/fr\/le-restaurant\/","url":"https:\/\/canmiquelrestaurant.com\/fr\/le-restaurant\/","name":"Restaurant - Can Miquel","isPartOf":{"@id":"https:\/\/canmiquelrestaurant.com\/fr\/#website"},"datePublished":"2016-07-21T10:30:49+00:00","dateModified":"2017-04-21T10:55:53+00:00","breadcrumb":{"@id":"https:\/\/canmiquelrestaurant.com\/fr\/le-restaurant\/#breadcrumb"},"inLanguage":"fr-FR","potentialAction":[{"@type":"ReadAction","target":["https:\/\/canmiquelrestaurant.com\/fr\/le-restaurant\/"]}]},{"@type":"BreadcrumbList","@id":"https:\/\/canmiquelrestaurant.com\/fr\/le-restaurant\/#breadcrumb","itemListElement":[{"@type":"ListItem","position":1,"name":"Portada","item":"https:\/\/canmiquelrestaurant.com\/fr\/"},{"@type":"ListItem","position":2,"name":"Restaurant"}]},{"@type":"WebSite","@id":"https:\/\/canmiquelrestaurant.com\/fr\/#website","url":"https:\/\/canmiquelrestaurant.com\/fr\/","name":"Can Miquel","description":"El restaurant Can Miquel \u00e9s un petit oasi a la Cala Montg\u00f3","potentialAction":[{"@type":"SearchAction","target":{"@type":"EntryPoint","urlTemplate":"https:\/\/canmiquelrestaurant.com\/fr\/?s={search_term_string}"},"query-input":{"@type":"PropertyValueSpecification","valueRequired":true,"valueName":"search_term_string"}}],"inLanguage":"fr-FR"}]}},"_links":{"self":[{"href":"https:\/\/canmiquelrestaurant.com\/fr\/wp-json\/wp\/v2\/pages\/36165","targetHints":{"allow":["GET"]}}],"collection":[{"href":"https:\/\/canmiquelrestaurant.com\/fr\/wp-json\/wp\/v2\/pages"}],"about":[{"href":"https:\/\/canmiquelrestaurant.com\/fr\/wp-json\/wp\/v2\/types\/page"}],"author":[{"embeddable":true,"href":"https:\/\/canmiquelrestaurant.com\/fr\/wp-json\/wp\/v2\/users\/1"}],"replies":[{"embeddable":true,"href":"https:\/\/canmiquelrestaurant.com\/fr\/wp-json\/wp\/v2\/comments?post=36165"}],"version-history":[{"count":0,"href":"https:\/\/canmiquelrestaurant.com\/fr\/wp-json\/wp\/v2\/pages\/36165\/revisions"}],"wp:attachment":[{"href":"https:\/\/canmiquelrestaurant.com\/fr\/wp-json\/wp\/v2\/media?parent=36165"}],"curies":[{"name":"wp","href":"https:\/\/api.w.org\/{rel}","templated":true}]}}