{"id":35892,"date":"2014-03-18T09:49:29","date_gmt":"2014-03-18T09:49:29","guid":{"rendered":"http:\/\/canmiquelrestaurant.com\/?page_id=35892&#038;lang=fr"},"modified":"2026-03-19T08:29:22","modified_gmt":"2026-03-19T08:29:22","slug":"homepages","status":"publish","type":"page","link":"https:\/\/canmiquelrestaurant.com\/fr\/","title":{"rendered":"Home"},"content":{"rendered":"<div class=\"wpb-content-wrapper\"><p>[vc_row][vc_column]<div id=\"ultimate-heading-770269d76e757bf01\" class=\"uvc-heading ult-adjust-bottom-margin ultimate-heading-770269d76e757bf01 uvc-8036 \" data-hspacer=\"no_spacer\"  data-halign=\"center\" style=\"text-align:center\"><div class=\"uvc-heading-spacer no_spacer\" style=\"top\"><\/div><div class=\"uvc-main-heading ult-responsive\"  data-ultimate-target='.uvc-heading.ultimate-heading-770269d76e757bf01 h1'  data-responsive-json-new='{\"font-size\":\"desktop:80px;\",\"line-height\":\"\"}' ><h1 style=\"font-family:&#039;Kristi&#039;;font-weight:normal;color:#db8c65;\">couleurs et saveurs<\/h1><\/div><div class=\"uvc-sub-heading ult-responsive\"  data-ultimate-target='.uvc-heading.ultimate-heading-770269d76e757bf01 .uvc-sub-heading '  data-responsive-json-new='{\"font-size\":\"desktop:30px;\",\"line-height\":\"\"}'  style=\"font-family:&#039;Open Sans&#039;;font-weight:normal;font-style:normal;color:#000000;\">M\u00c9DITERRAN\u00c9ENNES<\/div><\/div>[vc_empty_space height=\u00a0\u00bb35px\u00a0\u00bb][\/vc_column][vc_column el_class=\u00a0\u00bbdoble-caja-container-derecha\u00a0\u00bb][vc_row_inner][vc_column_inner el_class=\u00a0\u00bbdoble-caja-imagen\u00a0\u00bb width=\u00a0\u00bb1\/2&Prime;][vc_single_image image=\u00a0\u00bb36286&Prime; img_size=\u00a0\u00bbfull\u00a0\u00bb add_caption=\u00a0\u00bbyes\u00a0\u00bb][\/vc_column_inner][vc_column_inner el_class=\u00a0\u00bbdoble-caja-flotada\u00a0\u00bb width=\u00a0\u00bb1\/2&Prime;][vc_column_text el_class=\u00a0\u00bbdoble-caja-titulo-fuente\u00a0\u00bb]decouvrez notre[\/vc_column_text][vc_column_text]<\/p>\n<h1>HISTOIRE<\/h1>\n<p>[\/vc_column_text][vc_column_text]<\/p>\n<h3>CAN MIQUEL<\/h3>\n<p>[\/vc_column_text][vc_column_text]<span style=\"color: #000000;\"><a style=\"color: #000000;\" href=\"https:\/\/canmiquelrestaurant.com\/fr\/le-restaurant\/\">Le Restaurant Can Miquel est une petite oasis en la Cala Montg\u00f3<\/a><\/span> proposant une cuisine m\u00e9diterran\u00e9enne soign\u00e9e avec des produits locaux. Nous vous invitons \u00e0 savourer des plats \u00e9labor\u00e9s dans les moindres d\u00e9tails. Produits de l\u2019Emporda, frais et de grande qualit\u00e9 font de chacun de nos plats, en particulier les riz, la joie m\u00eame des palais les plus exigeants. Plats m\u00e9diterran\u00e9ens authentiques offerts dans la plage privil\u00e9gi\u00e9e de Montg\u00f3, un coin de la M\u00e9diterran\u00e9e, sur la Costa Brava, ce qui donne une touche sp\u00e9ciale \u00e0 nos plats. Qu&rsquo;attendez-vous pour en profiter?[\/vc_column_text][\/vc_column_inner][\/vc_row_inner][vc_empty_space height=\u00a0\u00bb20px\u00a0\u00bb][\/vc_column][\/vc_row][vc_row][vc_column]<div id=\"ultimate-heading-169169d76e757bfb1\" class=\"uvc-heading ult-adjust-bottom-margin ultimate-heading-169169d76e757bfb1 uvc-3729 \" data-hspacer=\"no_spacer\"  data-halign=\"center\" style=\"text-align:center\"><div class=\"uvc-heading-spacer no_spacer\" style=\"top\"><\/div><div class=\"uvc-main-heading ult-responsive\"  data-ultimate-target='.uvc-heading.ultimate-heading-169169d76e757bfb1 h1'  data-responsive-json-new='{\"font-size\":\"desktop:80px;\",\"line-height\":\"\"}' ><h1 style=\"font-family:&#039;Kristi&#039;;font-weight:normal;color:#db8c65;\">instagram<\/h1><\/div><div class=\"uvc-sub-heading ult-responsive\"  data-ultimate-target='.uvc-heading.ultimate-heading-169169d76e757bfb1 .uvc-sub-heading '  data-responsive-json-new='{\"font-size\":\"desktop:30px;\",\"line-height\":\"\"}'  style=\"font-family:&#039;Open Sans&#039;;font-weight:normal;color:#000000;\">CAN MIQUEL<\/div><\/div>[vc_empty_space height=\u00a0\u00bb70px\u00a0\u00bb][\/vc_column][\/vc_row][vc_row][vc_column el_class=\u00a0\u00bbdoble-caja-container container-izquierda\u00a0\u00bb][vc_row_inner el_class=\u00a0\u00bbsub-container\u00a0\u00bb][vc_column_inner el_class=\u00a0\u00bb.doble-caja-flotada-izquierda\u00a0\u00bb width=\u00a0\u00bb1\/2&Prime;]<div id=\"ultimate-heading-73369d76e757c035\" class=\"uvc-heading ult-adjust-bottom-margin ultimate-heading-73369d76e757c035 uvc-3702 \" data-hspacer=\"no_spacer\"  data-halign=\"left\" style=\"text-align:left\"><div class=\"uvc-heading-spacer no_spacer\" style=\"top\"><\/div><div class=\"uvc-main-heading ult-responsive\"  data-ultimate-target='.uvc-heading.ultimate-heading-73369d76e757c035 h1'  data-responsive-json-new='{\"font-size\":\"desktop:80px;\",\"line-height\":\"\"}' ><h1 style=\"font-family:&#039;Kristi&#039;;font-weight:normal;color:#db8c65;\">instagram<\/h1><\/div><div class=\"uvc-sub-heading ult-responsive\"  data-ultimate-target='.uvc-heading.ultimate-heading-73369d76e757c035 .uvc-sub-heading '  data-responsive-json-new='{\"font-size\":\"desktop:30px;\",\"line-height\":\"\"}'  style=\"font-family:&#039;Open Sans&#039;;font-weight:300;color:#000000;\">CAN MIQUEL<\/p>\n<p><\/div><\/div>[vc_column_text css=\u00a0\u00bb\u00a0\u00bb]<strong>Suivez-nous sur Instagram et d\u00e9couvrez les derniers traitements esth\u00e9tiques<\/strong><\/p>\n<p>D\u00e9couvrez notre Instagram, avec les derni\u00e8res nouveaut\u00e9s en gastronomie m\u00e9diterran\u00e9enne. Vous \u00eates donc \u00e0 un seul clic de rester inform\u00e9 des derni\u00e8res actualit\u00e9s.<\/p>\n<p>&nbsp;<\/p>\n<p><a style=\"color: #000;\" href=\"https:\/\/www.instagram.com\/canmiquelrestaurant\/&quot;\" target=\"_blank\" rel=\"noopener\"><strong>Suivez-nous sur Instagram<\/strong><\/a>[\/vc_column_text][vc_empty_space height=\u00a0\u00bb20px\u00a0\u00bb][\/vc_column_inner][vc_column_inner el_class=\u00a0\u00bbimg-derecha\u00a0\u00bb width=\u00a0\u00bb1\/2&Prime;][vc_single_image image=\u00a0\u00bb38393&Prime; img_size=\u00a0\u00bbfull\u00a0\u00bb css=\u00a0\u00bb\u00a0\u00bb][\/vc_column_inner][\/vc_row_inner][\/vc_column][\/vc_row][vc_row][vc_column][vc_empty_space height=\u00a0\u00bb70px\u00a0\u00bb][\/vc_column][\/vc_row]<\/p>\n<\/div>","protected":false},"excerpt":{"rendered":"<p>[vc_row][vc_column][vc_empty_space height=\u00a0\u00bb35px\u00a0\u00bb][\/vc_column][vc_column el_class=\u00a0\u00bbdoble-caja-container-derecha\u00a0\u00bb][vc_row_inner][vc_column_inner el_class=\u00a0\u00bbdoble-caja-imagen\u00a0\u00bb width=\u00a0\u00bb1\/2&Prime;][vc_single_image image=\u00a0\u00bb36286&Prime; img_size=\u00a0\u00bbfull\u00a0\u00bb add_caption=\u00a0\u00bbyes\u00a0\u00bb][\/vc_column_inner][vc_column_inner el_class=\u00a0\u00bbdoble-caja-flotada\u00a0\u00bb width=\u00a0\u00bb1\/2&Prime;][vc_column_text el_class=\u00a0\u00bbdoble-caja-titulo-fuente\u00a0\u00bb]decouvrez notre[\/vc_column_text][vc_column_text] HISTOIRE [\/vc_column_text][vc_column_text] CAN MIQUEL [\/vc_column_text][vc_column_text]Le Restaurant Can Miquel est une petite oasis en la Cala Montg\u00f3 proposant une cuisine m\u00e9diterran\u00e9enne soign\u00e9e avec des produits locaux. Nous vous invitons \u00e0 savourer des plats \u00e9labor\u00e9s dans les moindres d\u00e9tails. Produits de l\u2019Emporda, frais et de&hellip;<\/p>\n","protected":false},"author":1,"featured_media":0,"parent":0,"menu_order":0,"comment_status":"closed","ping_status":"closed","template":"","meta":{"_acf_changed":false},"class_list":["post-35892","page","type-page","status-publish","hentry","description-off"],"acf":[],"yoast_head":"<!-- This site is optimized with the Yoast SEO plugin v27.1.1 - https:\/\/yoast.com\/product\/yoast-seo-wordpress\/ -->\n<title>Home - Can Miquel<\/title>\n<meta name=\"robots\" content=\"index, follow, max-snippet:-1, max-image-preview:large, max-video-preview:-1\" \/>\n<link rel=\"canonical\" href=\"https:\/\/canmiquelrestaurant.com\/fr\/\" \/>\n<meta property=\"og:locale\" content=\"fr_FR\" \/>\n<meta property=\"og:type\" content=\"article\" \/>\n<meta property=\"og:title\" content=\"Home - Can Miquel\" \/>\n<meta property=\"og:description\" content=\"[vc_row][vc_column][vc_empty_space height=\u00a0\u00bb35px\u00a0\u00bb][\/vc_column][vc_column el_class=\u00a0\u00bbdoble-caja-container-derecha\u00a0\u00bb][vc_row_inner][vc_column_inner el_class=\u00a0\u00bbdoble-caja-imagen\u00a0\u00bb width=\u00a0\u00bb1\/2&Prime;][vc_single_image image=\u00a0\u00bb36286&Prime; img_size=\u00a0\u00bbfull\u00a0\u00bb add_caption=\u00a0\u00bbyes\u00a0\u00bb][\/vc_column_inner][vc_column_inner el_class=\u00a0\u00bbdoble-caja-flotada\u00a0\u00bb width=\u00a0\u00bb1\/2&Prime;][vc_column_text el_class=\u00a0\u00bbdoble-caja-titulo-fuente\u00a0\u00bb]decouvrez notre[\/vc_column_text][vc_column_text] HISTOIRE [\/vc_column_text][vc_column_text] CAN MIQUEL [\/vc_column_text][vc_column_text]Le Restaurant Can Miquel est une petite oasis en la Cala Montg\u00f3 proposant une cuisine m\u00e9diterran\u00e9enne soign\u00e9e avec des produits locaux. Nous vous invitons \u00e0 savourer des plats \u00e9labor\u00e9s dans les moindres d\u00e9tails. Produits de l\u2019Emporda, frais et de&hellip;\" \/>\n<meta property=\"og:url\" content=\"https:\/\/canmiquelrestaurant.com\/fr\/\" \/>\n<meta property=\"og:site_name\" content=\"Can Miquel\" \/>\n<meta property=\"article:publisher\" content=\"https:\/\/www.facebook.com\/canmiquelrestaurant\/\" \/>\n<meta property=\"article:modified_time\" content=\"2026-03-19T08:29:22+00:00\" \/>\n<meta name=\"twitter:card\" content=\"summary_large_image\" \/>\n<meta name=\"twitter:label1\" content=\"Dur\u00e9e de lecture estim\u00e9e\" \/>\n\t<meta name=\"twitter:data1\" content=\"3 minutes\" \/>\n<script type=\"application\/ld+json\" class=\"yoast-schema-graph\">{\"@context\":\"https:\/\/schema.org\",\"@graph\":[{\"@type\":\"WebPage\",\"@id\":\"https:\/\/canmiquelrestaurant.com\/fr\/\",\"url\":\"https:\/\/canmiquelrestaurant.com\/fr\/\",\"name\":\"Home - Can Miquel\",\"isPartOf\":{\"@id\":\"https:\/\/canmiquelrestaurant.com\/fr\/#website\"},\"datePublished\":\"2014-03-18T09:49:29+00:00\",\"dateModified\":\"2026-03-19T08:29:22+00:00\",\"breadcrumb\":{\"@id\":\"https:\/\/canmiquelrestaurant.com\/fr\/#breadcrumb\"},\"inLanguage\":\"fr-FR\",\"potentialAction\":[{\"@type\":\"ReadAction\",\"target\":[\"https:\/\/canmiquelrestaurant.com\/fr\/\"]}]},{\"@type\":\"BreadcrumbList\",\"@id\":\"https:\/\/canmiquelrestaurant.com\/fr\/#breadcrumb\",\"itemListElement\":[{\"@type\":\"ListItem\",\"position\":1,\"name\":\"Portada\",\"item\":\"https:\/\/canmiquelrestaurant.com\/fr\/\"},{\"@type\":\"ListItem\",\"position\":2,\"name\":\"Home\"}]},{\"@type\":\"WebSite\",\"@id\":\"https:\/\/canmiquelrestaurant.com\/fr\/#website\",\"url\":\"https:\/\/canmiquelrestaurant.com\/fr\/\",\"name\":\"Can Miquel\",\"description\":\"El restaurant Can Miquel \u00e9s un petit oasi a la Cala Montg\u00f3\",\"potentialAction\":[{\"@type\":\"SearchAction\",\"target\":{\"@type\":\"EntryPoint\",\"urlTemplate\":\"https:\/\/canmiquelrestaurant.com\/fr\/?s={search_term_string}\"},\"query-input\":{\"@type\":\"PropertyValueSpecification\",\"valueRequired\":true,\"valueName\":\"search_term_string\"}}],\"inLanguage\":\"fr-FR\"}]}<\/script>\n<!-- \/ Yoast SEO plugin. -->","yoast_head_json":{"title":"Home - Can Miquel","robots":{"index":"index","follow":"follow","max-snippet":"max-snippet:-1","max-image-preview":"max-image-preview:large","max-video-preview":"max-video-preview:-1"},"canonical":"https:\/\/canmiquelrestaurant.com\/fr\/","og_locale":"fr_FR","og_type":"article","og_title":"Home - Can Miquel","og_description":"[vc_row][vc_column][vc_empty_space height=\u00a0\u00bb35px\u00a0\u00bb][\/vc_column][vc_column el_class=\u00a0\u00bbdoble-caja-container-derecha\u00a0\u00bb][vc_row_inner][vc_column_inner el_class=\u00a0\u00bbdoble-caja-imagen\u00a0\u00bb width=\u00a0\u00bb1\/2&Prime;][vc_single_image image=\u00a0\u00bb36286&Prime; img_size=\u00a0\u00bbfull\u00a0\u00bb add_caption=\u00a0\u00bbyes\u00a0\u00bb][\/vc_column_inner][vc_column_inner el_class=\u00a0\u00bbdoble-caja-flotada\u00a0\u00bb width=\u00a0\u00bb1\/2&Prime;][vc_column_text el_class=\u00a0\u00bbdoble-caja-titulo-fuente\u00a0\u00bb]decouvrez notre[\/vc_column_text][vc_column_text] HISTOIRE [\/vc_column_text][vc_column_text] CAN MIQUEL [\/vc_column_text][vc_column_text]Le Restaurant Can Miquel est une petite oasis en la Cala Montg\u00f3 proposant une cuisine m\u00e9diterran\u00e9enne soign\u00e9e avec des produits locaux. Nous vous invitons \u00e0 savourer des plats \u00e9labor\u00e9s dans les moindres d\u00e9tails. Produits de l\u2019Emporda, frais et de&hellip;","og_url":"https:\/\/canmiquelrestaurant.com\/fr\/","og_site_name":"Can Miquel","article_publisher":"https:\/\/www.facebook.com\/canmiquelrestaurant\/","article_modified_time":"2026-03-19T08:29:22+00:00","twitter_card":"summary_large_image","twitter_misc":{"Dur\u00e9e de lecture estim\u00e9e":"3 minutes"},"schema":{"@context":"https:\/\/schema.org","@graph":[{"@type":"WebPage","@id":"https:\/\/canmiquelrestaurant.com\/fr\/","url":"https:\/\/canmiquelrestaurant.com\/fr\/","name":"Home - Can Miquel","isPartOf":{"@id":"https:\/\/canmiquelrestaurant.com\/fr\/#website"},"datePublished":"2014-03-18T09:49:29+00:00","dateModified":"2026-03-19T08:29:22+00:00","breadcrumb":{"@id":"https:\/\/canmiquelrestaurant.com\/fr\/#breadcrumb"},"inLanguage":"fr-FR","potentialAction":[{"@type":"ReadAction","target":["https:\/\/canmiquelrestaurant.com\/fr\/"]}]},{"@type":"BreadcrumbList","@id":"https:\/\/canmiquelrestaurant.com\/fr\/#breadcrumb","itemListElement":[{"@type":"ListItem","position":1,"name":"Portada","item":"https:\/\/canmiquelrestaurant.com\/fr\/"},{"@type":"ListItem","position":2,"name":"Home"}]},{"@type":"WebSite","@id":"https:\/\/canmiquelrestaurant.com\/fr\/#website","url":"https:\/\/canmiquelrestaurant.com\/fr\/","name":"Can Miquel","description":"El restaurant Can Miquel \u00e9s un petit oasi a la Cala Montg\u00f3","potentialAction":[{"@type":"SearchAction","target":{"@type":"EntryPoint","urlTemplate":"https:\/\/canmiquelrestaurant.com\/fr\/?s={search_term_string}"},"query-input":{"@type":"PropertyValueSpecification","valueRequired":true,"valueName":"search_term_string"}}],"inLanguage":"fr-FR"}]}},"_links":{"self":[{"href":"https:\/\/canmiquelrestaurant.com\/fr\/wp-json\/wp\/v2\/pages\/35892","targetHints":{"allow":["GET"]}}],"collection":[{"href":"https:\/\/canmiquelrestaurant.com\/fr\/wp-json\/wp\/v2\/pages"}],"about":[{"href":"https:\/\/canmiquelrestaurant.com\/fr\/wp-json\/wp\/v2\/types\/page"}],"author":[{"embeddable":true,"href":"https:\/\/canmiquelrestaurant.com\/fr\/wp-json\/wp\/v2\/users\/1"}],"replies":[{"embeddable":true,"href":"https:\/\/canmiquelrestaurant.com\/fr\/wp-json\/wp\/v2\/comments?post=35892"}],"version-history":[{"count":2,"href":"https:\/\/canmiquelrestaurant.com\/fr\/wp-json\/wp\/v2\/pages\/35892\/revisions"}],"predecessor-version":[{"id":38440,"href":"https:\/\/canmiquelrestaurant.com\/fr\/wp-json\/wp\/v2\/pages\/35892\/revisions\/38440"}],"wp:attachment":[{"href":"https:\/\/canmiquelrestaurant.com\/fr\/wp-json\/wp\/v2\/media?parent=35892"}],"curies":[{"name":"wp","href":"https:\/\/api.w.org\/{rel}","templated":true}]}}