{"id":37657,"date":"2018-12-24T10:19:14","date_gmt":"2018-12-24T10:19:14","guid":{"rendered":"http:\/\/canmiquelrestaurant.com\/politica-de-privacidad\/"},"modified":"2019-01-30T05:33:39","modified_gmt":"2019-01-30T05:33:39","slug":"politica-de-privacidad","status":"publish","type":"page","link":"https:\/\/canmiquelrestaurant.com\/es\/politica-de-privacidad\/","title":{"rendered":"Pol\u00edtica de Privacidad"},"content":{"rendered":"<h3><strong>RESPONSABLE DEL TRATAMIENTO<\/strong><strong><em>\u00a0<\/em><\/strong><\/h3>\n<p><strong><em>Identidad:\u00a0<\/em><\/strong>El Principal del Eixample, S.L. (en adelante, PRINCIPAL)<\/p>\n<p><strong><em>CIF:\u00a0<\/em><\/strong>B62094685<\/p>\n<p><strong><em>Direcci\u00f3n postal:\u00a0<\/em><\/strong>C\/\u00a0Proven\u00e7a 286 \u2013 288, 08008 Barcelona<\/p>\n<p><strong><em>Correo electr\u00f3nico:\u00a0<\/em><\/strong><a href=\"mailto:rgpd@elprincipaleixample.com\">rgpd@elprincipaleixample.com<\/a><\/p>\n<p><strong>\u00a0<\/strong><\/p>\n<p>PRINCIPAL, como responsable del Sitio web, de conformidad con lo que dispone el Reglamento (UE) 2016\/679 de 27 de abril de 2016 (RGPD)\u00a0relativo a la protecci\u00f3n de las personas f\u00edsicas en cuanto al tratamiento de datos personales y a la libre circulaci\u00f3n de estos datos y dem\u00e1s normativa vigente en materia de protecci\u00f3n de datos personales, y por la Ley 34\/2002, de 11 de julio, de Servicios de la Sociedad de la Informaci\u00f3n y del Comercio Electr\u00f3nico (LSSICE), le informa de que tiene implementadas las medidas de seguridad necesarias, de \u00edndole t\u00e9cnica y organizativas, para garantizar y proteger la confidencialidad, integridad y disponibilidad de los datos introducidos.<\/p>\n<h3><strong>FINALIDAD DEL TRATAMIENTO<\/strong><\/h3>\n<p>Sus datos personales s\u00f3lo se utilizar\u00e1n para las siguientes finalidades:<\/p>\n<ul>\n<li>Realizar las gestiones comerciales y administrativas necesarias con los usuarios de la web;<\/li>\n<li>Responder a las consultas y\/o proporcionar informaciones requeridas por el Usuario;<\/li>\n<li>Realizar las prestaciones de servicios y\/o productos contratados o subscritos por el Usuario.<\/li>\n<li>Utilizar sus datos para contactarle, tanto por v\u00eda electr\u00f3nica como no electr\u00f3nica, para obtener su opini\u00f3n sobre el servicio prestado y,<\/li>\n<li>Notificarle cambios, desarrollos importantes de la pol\u00edtica de privacidad, aviso legal o pol\u00edtica de cookies.<\/li>\n<li>Se realizar\u00e1n an\u00e1lisis de perfiles y de usabilidad.<\/li>\n<li>Los datos de clientes y\/o de proveedores ser\u00e1n tratados, dentro de la relaci\u00f3n contractual que les vincula con el responsable, en cumplimiento de las obligaciones administrativas, fiscales, contables y laborales que sean necesarias en virtud de la legislaci\u00f3n vigente.<\/li>\n<li>Seguridad de las instalaciones a trav\u00e9s de un sistema de videovigilancia.<\/li>\n<\/ul>\n<p>Puede revocar en cualquier momento su consentimiento remitiendo un escrito con el asunto \u201cBaja\u201d a\u00a0<a href=\"mailto:rgpd@elprincipaleixample.com\">rgpd@elprincipaleixample.com<\/a>.<\/p>\n<p>De acuerdo con la LSSICE, PRINCIPAL no realiza pr\u00e1cticas de SPAM, por lo tanto, no env\u00eda correos comerciales por e-mail que no hayan sido previamente solicitados o autorizados por el Usuario. En consecuencia, en todas las comunicaciones que recibir\u00e1 de PRINCIPAL, el usuario tiene la posibilidad de cancelar su consentimiento expreso para recibir nuestras comunicaciones.<\/p>\n<p>No trataremos sus datos personales para ninguna otra finalidad de las descritas salvo por obligaci\u00f3n legal o requerimiento judicial.<\/p>\n<p>Sus datos se conservar\u00e1n mientras dure la relaci\u00f3n comercial con nosotros o ejercite su derecho de cancelaci\u00f3n u oposici\u00f3n, o limitaci\u00f3n al tratamiento. Sin embargo, conservaremos determinados datos personales identificativos y del tr\u00e1fico durante el plazo m\u00e1ximo de 2 a\u00f1os para el caso de que fuera requerido por los Jueces y Tribunales o para incoar acciones internas derivadas del uso indebido de la p\u00e1gina web.<\/p>\n<p>No ser\u00e1 objeto de decisiones basadas en tratamientos automatizados que produzcan efectos sobre sus datos.<\/p>\n<h3><strong>LEGITIMACI\u00d3N DEL TRATAMIENTO<\/strong><\/h3>\n<p>La base legal para el tratamiento de los datos es su consentimiento otorgado para llevar a cabo las finalidades anteriormente descritas, que se solicitar\u00e1 en el momento de marcado de la casilla correspondiente a la hora de recoger sus datos.<\/p>\n<p>El no facilitar los datos personales solicitados o el no aceptar la presente pol\u00edtica de protecci\u00f3n de datos supone la imposibilidad de subscribirse, registrarse o recibir informaci\u00f3n de los productos y servicios del Prestador.<\/p>\n<p>En los casos en que exista una previa relaci\u00f3n contractual entre las partes, la legitimaci\u00f3n para el desarrollo de las obligaciones administrativas, fiscales, contables y laborales que sean necesarias en virtud de la legislaci\u00f3n vigente ser\u00e1 la existencia previa de la relaci\u00f3n comercial establecida entre las partes.<\/p>\n<h3><strong>COMUNICACIONES <\/strong><\/h3>\n<p>Cualquier comunicaci\u00f3n remitida quedar\u00e1 incorporada a los sistemas de informaci\u00f3n de PRINCIPAL. Al aceptar las presentes condiciones, t\u00e9rminos y pol\u00edticas, el Usuario consiente expresamente a que PRINCIPAL conserve los datos durante los plazos previstos en las disposiciones aplicables.<\/p>\n<p><strong>MEDIOS OFICIALES DE COMUNICACI\u00d3N<\/strong><strong>\u00a0<\/strong><\/p>\n<p>Se informa al usuario que los medios habilitados por la empresa para comunicarse con clientes y otros afectados es el tel\u00e9fono corporativo, los tel\u00e9fonos m\u00f3viles de empresa y el correo electr\u00f3nico corporativo.<\/p>\n<p>Si Vd. remite informaci\u00f3n personal a trav\u00e9s un medio de comunicaci\u00f3n distinto a los indicados en este apartado, la EMPRESA quedar\u00e1 exenta de responsabilidad en relaci\u00f3n con las medidas de seguridad que disponga el medio en cuesti\u00f3n.<strong>\u00a0<\/strong><\/p>\n<p><strong>DESTINATARIOS DE CESIONES O TRANSFERENCIAS<\/strong><\/p>\n<p>PRINCIPAL no lleva a cabo ninguna cesi\u00f3n o comunicaci\u00f3n de datos ni dentro ni fuera de la UE. El prestador \u00fanicamente facilitar\u00e1 informaci\u00f3n a las fuerzas y cuerpos de seguridad bajo orden judicial o por obligaci\u00f3n de una norma legal, sin perjuicio de poder bloquear o cancelar su cuenta si puede haber indicios de la comisi\u00f3n de alg\u00fan delito por parte del usuario. La informaci\u00f3n facilitada ser\u00e1 solamente la que disponga en este momento el prestador.<\/p>\n<p>La informaci\u00f3n que usted nos proporcione tanto a trav\u00e9s de este sitio web como a trav\u00e9s de la aplicaci\u00f3n ser\u00e1 alojada en los servidores de PRINCIPAL.<\/p>\n<h3><strong>DERECHOS DE LAS PERSONAS INTERESADAS<\/strong><\/h3>\n<p>Como usuario-interesado, puede solicitar el ejercicio de los siguientes derechos ante PRINCIPAL presentando un escrito a la direcci\u00f3n postal del encabezamiento o enviando un correo electr\u00f3nico a <a href=\"mailto:rgpd@elprincipaleixample.com\">rgpd@elprincipaleixample.com<\/a>, indicando como Asunto: \u201cRGPD, Derechos afectado\u201d, y adjuntando fotocopia de su DNI o cualquier medio an\u00e1logo en derecho, tal y como indica la ley.<strong>\u00a0<\/strong><\/p>\n<p><strong>Derechos:<\/strong><\/p>\n<ul>\n<li><strong>Derecho de acceso:<\/strong>\u00a0permite al interesado conocer y obtener informaci\u00f3n sobre sus datos de car\u00e1cter personal sometidos a tratamiento.<\/li>\n<li><strong>Derecho de <\/strong><strong>rectificaci\u00f3n o supresi\u00f3n:<\/strong>\u00a0permite corregir errores y modificar los datos que resulten ser inexactos o incompletos.<\/li>\n<li><strong>Derecho de cancelaci\u00f3n:<\/strong>\u00a0permite que se supriman los datos que resulten ser inadecuados o excesivos.<\/li>\n<li><strong>Derecho de oposici\u00f3n:<\/strong>\u00a0derecho del interesado a que no se lleve a cabo el tratamiento de sus datos de car\u00e1cter personal o se cese en el mismo.<\/li>\n<li><strong>Limitaci\u00f3n del tratamiento:<\/strong>\u00a0conlleva el marcado de los datos personales conservados, con la finalidad de limitar su futuro tratamiento.<\/li>\n<li><strong>Portabilidad de los datos:<\/strong>\u00a0facilitaci\u00f3n de los datos objeto de tratamiento al interesado, a fin de que \u00e9ste pueda transmitirlos a otro responsable, sin impedimentos.<\/li>\n<li><strong>Derecho a no ser objeto de decisiones individuales automatizadas<\/strong>\u00a0(incluida la elaboraci\u00f3n de perfiles): derecho a no ser objeto de una decisi\u00f3n basada en el tratamiento automatizado que produzca efectos o afecte significativamente.<\/li>\n<\/ul>\n<p>Como usuario, tiene derecho a retirar el consentimiento prestado en cualquier momento. La retirada del consentimiento no afectar\u00e1 a la licitud del tratamiento efectuado antes de la retirada del consentimiento.<\/p>\n<p>Tambi\u00e9n tiene derecho a presentar una reclamaci\u00f3n ante la autoridad de control si considera que pueden haberse visto vulnerados sus derechos con relaci\u00f3n a la protecci\u00f3n de sus datos (agpd.es).<\/p>\n<h3><strong>INFORMACI\u00d3N ADICIONAL<\/strong><strong>\u00a0<\/strong><\/h3>\n<h5><strong>INFORMACI\u00d3N QUE RECABAMOS<\/strong><\/h5>\n<p>Los datos recogidos por parte del responsable son los siguientes:<\/p>\n<ul>\n<li>Aquellos que los usuarios suministren a trav\u00e9s de los diferentes servicios ofrecidos en la p\u00e1gina web<\/li>\n<li>Aquellos incluidos en los diferentes formularios previstos en la p\u00e1gina web<\/li>\n<li>Datos recogidos a trav\u00e9s de las \u201ccookies\u201d para la mejora de la experiencia de la navegaci\u00f3n seg\u00fan se informa en la pol\u00edtica de cookies.<\/li>\n<\/ul>\n<p>A trav\u00e9s de esta Pol\u00edtica de\u00a0Privacidad\u00a0le informamos que las fotograf\u00edas que est\u00e9n colgadas en la web son propiedad de PRINCIPAL, incluyendo las de los menores, en las que, para la obtenci\u00f3n de estas, se ha obtenido el consentimiento previo de los padres, tutores o representantes legales mediante la firma de los formularios realizados al efecto por los centros en los cuales los menores forman parte.<\/p>\n<p><strong>VIDEOVIGILANCIA<\/strong><\/p>\n<p>En algunos puntos de las instalaciones se captan im\u00e1genes con los \u00fanicos fines indicados en el apartado de finalidades de la presente pol\u00edtica de privacidad y\/o a petici\u00f3n de autoridades p\u00fablicas.<\/p>\n<p>Disponemos de circular informativa a petici\u00f3n de los interesados que la soliciten y de un logo de zona videovigilada ubicado en lugar previo a la c\u00e1mara y suficientemente visible que informa que el lugar es un establecimiento videovigilado.<\/p>\n<p>Las im\u00e1genes captadas por las c\u00e1maras se limitar\u00e1n al establecimiento p\u00fablico de que se trate. No se captar\u00e1n im\u00e1genes de la v\u00eda p\u00fablica a excepci\u00f3n de una franja m\u00ednima de los accesos al establecimiento.<\/p>\n<p>El sistema de grabaci\u00f3n se ubicar\u00e1 en un lugar vigilado o de acceso restringido. A las im\u00e1genes obtenidas acceder\u00e1 s\u00f3lo la persona autorizada y ser\u00e1n conservadas durante un plazo m\u00e1ximo de un mes desde su captaci\u00f3n.<strong>\u00a0<\/strong><\/p>\n<p><strong>REDES SOCIALES<\/strong><\/p>\n<p>Le informamos que PRINCIPAL puede tener presencia en redes sociales. El tratamiento de los datos que se lleve a cabo de las personas que se hagan seguidoras en las redes sociales (y\/o realicen cualquier v\u00ednculo o acci\u00f3n de conexi\u00f3n a trav\u00e9s de las redes sociales) de las p\u00e1ginas oficiales de PRINCIPAL se regir\u00e1 por este apartado, as\u00ed como por aquellas condiciones de uso, pol\u00edticas de privacidad y normativas de acceso que pertenezcan a la red social que proceda en cada caso y aceptadas previamente por el usuario.<\/p>\n<p>PRINCIPAL tratar\u00e1 sus datos con las finalidades de administrar correctamente su presencia en la red social, inform\u00e1ndole de actividades, productos o servicios del prestador, as\u00ed como para cualquier otra finalidad que las normativas de las Redes Sociales permitan.<\/p>\n<p>Queda prohibida la publicaci\u00f3n de contenidos:<\/p>\n<p>&#8211; Que sean presuntamente il\u00edcitos por la normativa nacional, comunitaria o internacional o que realicen actividades presuntamente il\u00edcitas o contravengan los principios de la buena fe.<\/p>\n<p>&#8211; Que atenten contra los derechos fundamentales de las personas, falten a la cortes\u00eda en la red, molesten o puedan generar opiniones negativas en nuestros usuarios o terceros y en general cualesquiera sean los contenidos que PRINCIPAL considere inapropiados.<\/p>\n<p>&#8211; Y en general que contravengan los principios de legalidad, honradez, responsabilidad, protecci\u00f3n de la dignidad humana, protecci\u00f3n de menores, protecci\u00f3n del orden p\u00fablico, la protecci\u00f3n de la vida privada, la protecci\u00f3n del consumidor y los derechos de propiedad intelectual e industrial.<\/p>\n<p>Asimismo, PRINCIPAL se reserva la potestad de retirar, sin previo aviso del sitio web o de la red social corporativa aquellos contenidos que se consideren inapropiados.<\/p>\n<p>Las comunicaciones remitidas a trav\u00e9s de las redes sociales ser\u00e1n incorporadas a un archivo propiedad de PRINCIPAL, pudi\u00e9ndole enviar informaci\u00f3n de su inter\u00e9s.<\/p>\n<p>En todo caso, si Vd. remite informaci\u00f3n personal a trav\u00e9s de la red social, PRINCIPAL quedar\u00e1 exento de responsabilidad en relaci\u00f3n con las medidas de seguridad aplicables a la presente plataforma, debiendo el usuario en caso de querer conocerlas, consultar las correspondientes condiciones particulares de la red en cuesti\u00f3n.<\/p>\n<h5><strong>MEDIDAS DE SEGURIDAD<\/strong><\/h5>\n<p>Los datos que nos facilite se tratar\u00e1n de forma confidencial. El Prestador ha adoptado todas las medidas t\u00e9cnicas y organizativas y todos los niveles de protecci\u00f3n necesarios para garantizar la seguridad en el tratamiento de los datos y evitar su alteraci\u00f3n, p\u00e9rdida, robo, tratamiento o acceso no autorizado, de acuerdo el estado de la tecnolog\u00eda y naturaleza de los datos almacenados. As\u00ed mismo, se garantiza tambi\u00e9n que el tratamiento y registro en ficheros, programas, sistemas o equipos, locales y centros cumplen con los requisitos y condiciones de integridad y seguridad establecidas en la normativa vigente.<\/p>\n<h5><strong>IDIOMA <\/strong><\/h5>\n<p>El idioma aplicable a esta Pol\u00edtica de Privacidad es el espa\u00f1ol. Por tanto, en caso de que hubiera alguna contradicci\u00f3n en alguna de las versiones facilitadas en otros idiomas, prevalecer\u00e1 la versi\u00f3n en espa\u00f1ol.<\/p>\n<p><strong>ENV\u00cdO CV<\/strong><\/p>\n<p>En el supuesto de que el usuario\u00a0env\u00ede\u00a0su CV a trav\u00e9s de nuestra web\/ Trabaja con Nosotros, le informamos que los datos aportados ser\u00e1n tratados para hacerlo part\u00edcipe de los procesos de selecci\u00f3n que pueda haber, llevando a cabo un an\u00e1lisis del perfil del solicitante con el objetivo de seleccionar el mejor candidato para el lugar vacante del Responsable. Lo informamos que este es el \u00fanico procedimiento oficial para aceptar su curr\u00edculum, de forma que no se aceptar\u00e1n los curr\u00edculums remitidos por otro procedimiento diferente. En caso de producirse alguna modificaci\u00f3n en los datos, le rogamos nos lo comunique por escrito lo m\u00e1s ante posible, con objeto de mantener sus datos debidamente actualizados.<\/p>\n<p>Los datos se conservar\u00e1n durante un plazo m\u00e1ximo de un a\u00f1o, transcurrido el cual se proceder\u00e1 a la supresi\u00f3n de los datos garantiz\u00e1ndole un total respecto a la confidencialidad tanto en el tratamiento como en su posterior destrucci\u00f3n. En este sentido, transcurrido el mencionado plazo, y si desea continuar participando en los procesos de selecci\u00f3n del Responsable, le rogamos nos remita nuevamente su curr\u00edculum.<\/p>\n<p><strong>CAMBIOS EN LA PRESENTE POL\u00cdTICA DE PRIVACIDAD<\/strong><\/p>\n<p>PRINCIPAL se reserva el derecho a modificar la presente pol\u00edtica para adaptarla a novedades legislativas o jurisprudenciales.<\/p>\n<p><strong>LEGISLACI\u00d3N<\/strong><\/p>\n<p>A todos los efectos las relaciones entre PRINCIPAL con los Usuarios de sus servicios telem\u00e1ticos, presentes en esta Web, est\u00e1n sometidos a la legislaci\u00f3n y jurisdicci\u00f3n espa\u00f1ola a la que se someten expresamente las partes, siendo competentes por la resoluci\u00f3n de todos los conflictos derivados o relacionados con su uso los Juzgados y Tribunales de BARCELONA.<\/p>\n","protected":false},"excerpt":{"rendered":"<p>RESPONSABLE DEL TRATAMIENTO\u00a0 Identidad:\u00a0El Principal del Eixample, S.L. (en adelante, PRINCIPAL) CIF:\u00a0B62094685 Direcci\u00f3n postal:\u00a0C\/\u00a0Proven\u00e7a 286 \u2013 288, 08008 Barcelona Correo electr\u00f3nico:\u00a0rgpd@elprincipaleixample.com \u00a0 PRINCIPAL, como responsable del Sitio web, de conformidad con lo que dispone el Reglamento (UE) 2016\/679 de 27 de abril de 2016 (RGPD)\u00a0relativo a la protecci\u00f3n de las personas f\u00edsicas en cuanto al&hellip;<\/p>\n","protected":false},"author":4,"featured_media":0,"parent":0,"menu_order":0,"comment_status":"closed","ping_status":"closed","template":"","meta":{"_acf_changed":false},"class_list":["post-37657","page","type-page","status-publish","hentry","description-off"],"acf":[],"yoast_head":"<!-- This site is optimized with the Yoast SEO plugin v27.1.1 - https:\/\/yoast.com\/product\/yoast-seo-wordpress\/ -->\n<title>Pol\u00edtica de Privacidad - Can Miquel<\/title>\n<meta name=\"robots\" content=\"index, follow, max-snippet:-1, max-image-preview:large, max-video-preview:-1\" \/>\n<link rel=\"canonical\" href=\"https:\/\/canmiquelrestaurant.com\/es\/politica-de-privacidad\/\" \/>\n<meta property=\"og:locale\" content=\"es_ES\" \/>\n<meta property=\"og:type\" content=\"article\" \/>\n<meta property=\"og:title\" content=\"Pol\u00edtica de Privacidad - Can Miquel\" \/>\n<meta property=\"og:description\" content=\"RESPONSABLE DEL TRATAMIENTO\u00a0 Identidad:\u00a0El Principal del Eixample, S.L. (en adelante, PRINCIPAL) CIF:\u00a0B62094685 Direcci\u00f3n postal:\u00a0C\/\u00a0Proven\u00e7a 286 \u2013 288, 08008 Barcelona Correo electr\u00f3nico:\u00a0rgpd@elprincipaleixample.com \u00a0 PRINCIPAL, como responsable del Sitio web, de conformidad con lo que dispone el Reglamento (UE) 2016\/679 de 27 de abril de 2016 (RGPD)\u00a0relativo a la protecci\u00f3n de las personas f\u00edsicas en cuanto al&hellip;\" \/>\n<meta property=\"og:url\" content=\"https:\/\/canmiquelrestaurant.com\/es\/politica-de-privacidad\/\" \/>\n<meta property=\"og:site_name\" content=\"Can Miquel\" \/>\n<meta property=\"article:publisher\" content=\"https:\/\/www.facebook.com\/canmiquelrestaurant\/\" \/>\n<meta property=\"article:modified_time\" content=\"2019-01-30T05:33:39+00:00\" \/>\n<meta name=\"twitter:card\" content=\"summary_large_image\" \/>\n<meta name=\"twitter:label1\" content=\"Tiempo de lectura\" \/>\n\t<meta name=\"twitter:data1\" content=\"11 minutos\" \/>\n<script type=\"application\/ld+json\" class=\"yoast-schema-graph\">{\"@context\":\"https:\/\/schema.org\",\"@graph\":[{\"@type\":\"WebPage\",\"@id\":\"https:\/\/canmiquelrestaurant.com\/es\/politica-de-privacidad\/\",\"url\":\"https:\/\/canmiquelrestaurant.com\/es\/politica-de-privacidad\/\",\"name\":\"Pol\u00edtica de Privacidad - Can Miquel\",\"isPartOf\":{\"@id\":\"https:\/\/canmiquelrestaurant.com\/es\/#website\"},\"datePublished\":\"2018-12-24T10:19:14+00:00\",\"dateModified\":\"2019-01-30T05:33:39+00:00\",\"breadcrumb\":{\"@id\":\"https:\/\/canmiquelrestaurant.com\/es\/politica-de-privacidad\/#breadcrumb\"},\"inLanguage\":\"es\",\"potentialAction\":[{\"@type\":\"ReadAction\",\"target\":[\"https:\/\/canmiquelrestaurant.com\/es\/politica-de-privacidad\/\"]}]},{\"@type\":\"BreadcrumbList\",\"@id\":\"https:\/\/canmiquelrestaurant.com\/es\/politica-de-privacidad\/#breadcrumb\",\"itemListElement\":[{\"@type\":\"ListItem\",\"position\":1,\"name\":\"Portada\",\"item\":\"https:\/\/canmiquelrestaurant.com\/es\/\"},{\"@type\":\"ListItem\",\"position\":2,\"name\":\"Pol\u00edtica de Privacidad\"}]},{\"@type\":\"WebSite\",\"@id\":\"https:\/\/canmiquelrestaurant.com\/es\/#website\",\"url\":\"https:\/\/canmiquelrestaurant.com\/es\/\",\"name\":\"Can Miquel\",\"description\":\"El restaurant Can Miquel \u00e9s un petit oasi a la Cala Montg\u00f3\",\"potentialAction\":[{\"@type\":\"SearchAction\",\"target\":{\"@type\":\"EntryPoint\",\"urlTemplate\":\"https:\/\/canmiquelrestaurant.com\/es\/?s={search_term_string}\"},\"query-input\":{\"@type\":\"PropertyValueSpecification\",\"valueRequired\":true,\"valueName\":\"search_term_string\"}}],\"inLanguage\":\"es\"}]}<\/script>\n<!-- \/ Yoast SEO plugin. -->","yoast_head_json":{"title":"Pol\u00edtica de Privacidad - Can Miquel","robots":{"index":"index","follow":"follow","max-snippet":"max-snippet:-1","max-image-preview":"max-image-preview:large","max-video-preview":"max-video-preview:-1"},"canonical":"https:\/\/canmiquelrestaurant.com\/es\/politica-de-privacidad\/","og_locale":"es_ES","og_type":"article","og_title":"Pol\u00edtica de Privacidad - Can Miquel","og_description":"RESPONSABLE DEL TRATAMIENTO\u00a0 Identidad:\u00a0El Principal del Eixample, S.L. (en adelante, PRINCIPAL) CIF:\u00a0B62094685 Direcci\u00f3n postal:\u00a0C\/\u00a0Proven\u00e7a 286 \u2013 288, 08008 Barcelona Correo electr\u00f3nico:\u00a0rgpd@elprincipaleixample.com \u00a0 PRINCIPAL, como responsable del Sitio web, de conformidad con lo que dispone el Reglamento (UE) 2016\/679 de 27 de abril de 2016 (RGPD)\u00a0relativo a la protecci\u00f3n de las personas f\u00edsicas en cuanto al&hellip;","og_url":"https:\/\/canmiquelrestaurant.com\/es\/politica-de-privacidad\/","og_site_name":"Can Miquel","article_publisher":"https:\/\/www.facebook.com\/canmiquelrestaurant\/","article_modified_time":"2019-01-30T05:33:39+00:00","twitter_card":"summary_large_image","twitter_misc":{"Tiempo de lectura":"11 minutos"},"schema":{"@context":"https:\/\/schema.org","@graph":[{"@type":"WebPage","@id":"https:\/\/canmiquelrestaurant.com\/es\/politica-de-privacidad\/","url":"https:\/\/canmiquelrestaurant.com\/es\/politica-de-privacidad\/","name":"Pol\u00edtica de Privacidad - Can Miquel","isPartOf":{"@id":"https:\/\/canmiquelrestaurant.com\/es\/#website"},"datePublished":"2018-12-24T10:19:14+00:00","dateModified":"2019-01-30T05:33:39+00:00","breadcrumb":{"@id":"https:\/\/canmiquelrestaurant.com\/es\/politica-de-privacidad\/#breadcrumb"},"inLanguage":"es","potentialAction":[{"@type":"ReadAction","target":["https:\/\/canmiquelrestaurant.com\/es\/politica-de-privacidad\/"]}]},{"@type":"BreadcrumbList","@id":"https:\/\/canmiquelrestaurant.com\/es\/politica-de-privacidad\/#breadcrumb","itemListElement":[{"@type":"ListItem","position":1,"name":"Portada","item":"https:\/\/canmiquelrestaurant.com\/es\/"},{"@type":"ListItem","position":2,"name":"Pol\u00edtica de Privacidad"}]},{"@type":"WebSite","@id":"https:\/\/canmiquelrestaurant.com\/es\/#website","url":"https:\/\/canmiquelrestaurant.com\/es\/","name":"Can Miquel","description":"El restaurant Can Miquel \u00e9s un petit oasi a la Cala Montg\u00f3","potentialAction":[{"@type":"SearchAction","target":{"@type":"EntryPoint","urlTemplate":"https:\/\/canmiquelrestaurant.com\/es\/?s={search_term_string}"},"query-input":{"@type":"PropertyValueSpecification","valueRequired":true,"valueName":"search_term_string"}}],"inLanguage":"es"}]}},"_links":{"self":[{"href":"https:\/\/canmiquelrestaurant.com\/es\/wp-json\/wp\/v2\/pages\/37657","targetHints":{"allow":["GET"]}}],"collection":[{"href":"https:\/\/canmiquelrestaurant.com\/es\/wp-json\/wp\/v2\/pages"}],"about":[{"href":"https:\/\/canmiquelrestaurant.com\/es\/wp-json\/wp\/v2\/types\/page"}],"author":[{"embeddable":true,"href":"https:\/\/canmiquelrestaurant.com\/es\/wp-json\/wp\/v2\/users\/4"}],"replies":[{"embeddable":true,"href":"https:\/\/canmiquelrestaurant.com\/es\/wp-json\/wp\/v2\/comments?post=37657"}],"version-history":[{"count":0,"href":"https:\/\/canmiquelrestaurant.com\/es\/wp-json\/wp\/v2\/pages\/37657\/revisions"}],"wp:attachment":[{"href":"https:\/\/canmiquelrestaurant.com\/es\/wp-json\/wp\/v2\/media?parent=37657"}],"curies":[{"name":"wp","href":"https:\/\/api.w.org\/{rel}","templated":true}]}}