{"id":36303,"date":"2016-07-28T08:44:28","date_gmt":"2016-07-28T08:44:28","guid":{"rendered":"http:\/\/canmiquelrestaurant.com\/es\/?page_id=36303"},"modified":"2026-03-19T11:01:46","modified_gmt":"2026-03-19T11:01:46","slug":"home","status":"publish","type":"page","link":"https:\/\/canmiquelrestaurant.com\/es\/","title":{"rendered":"Home"},"content":{"rendered":"<div class=\"wpb-content-wrapper\"><p>[vc_row][vc_column]<div id=\"ultimate-heading-135569d333d10c8d4\" class=\"uvc-heading ult-adjust-bottom-margin ultimate-heading-135569d333d10c8d4 uvc-2740 \" data-hspacer=\"no_spacer\"  data-halign=\"center\" style=\"text-align:center\"><div class=\"uvc-heading-spacer no_spacer\" style=\"top\"><\/div><div class=\"uvc-main-heading ult-responsive\"  data-ultimate-target='.uvc-heading.ultimate-heading-135569d333d10c8d4 h1'  data-responsive-json-new='{\"font-size\":\"desktop:80px;\",\"line-height\":\"\"}' ><h1 style=\"font-family:&#039;Kristi&#039;;font-weight:normal;color:#db8c65;\">colores y sabores a<\/h1><\/div><div class=\"uvc-sub-heading ult-responsive\"  data-ultimate-target='.uvc-heading.ultimate-heading-135569d333d10c8d4 .uvc-sub-heading '  data-responsive-json-new='{\"font-size\":\"desktop:30px;\",\"line-height\":\"\"}'  style=\"font-family:&#039;Open Sans&#039;;font-weight:300;color:#000000;\">MEDITERR\u00c1NEO<\/div><\/div>[vc_empty_space height=\u00bb70px\u00bb][\/vc_column][vc_column el_class=\u00bbdoble-caja-container\u00bb][vc_row_inner][vc_column_inner el_class=\u00bbdoble-caja-imagen\u00bb width=\u00bb1\/2&#8243;][vc_single_image image=\u00bb36286&#8243; img_size=\u00bbfull\u00bb add_caption=\u00bbyes\u00bb][\/vc_column_inner][vc_column_inner el_class=\u00bbdoble-caja-flotada-derecha\u00bb width=\u00bb1\/2&#8243;][vc_column_text el_class=\u00bbdoble-caja-titulo-fuente\u00bb]descubre\u00a0nuestra[\/vc_column_text][vc_column_text]<\/p>\n<h1>HISTORIA<\/h1>\n<p>[\/vc_column_text][vc_column_text]<\/p>\n<h3>CAN MIQUEL<\/h3>\n<p>[\/vc_column_text][vc_column_text]<span style=\"color: #000000;\"><a style=\"color: #000000;\" href=\"https:\/\/canmiquelrestaurant.com\/es\/restaurante-en-la-escala\/\">El restaurante Can Miquel es un peque\u00f1o oasis en la Cala Montg\u00f3<\/a> <\/span>donde encontrareis cuidadosa cocina mediterr\u00e1nea, con productos de proximidad. Os invitamos a disfrutar platos elaborados vigilando hasta el ultimo detalle. Productos del Empord\u00e0, frescos y de la mejor calidad hacen que cada uno de nuestros platos, en especial los arroces, deleiten hasta al paladar mas exigente. Platos mediterr\u00e1neos aut\u00e9nticos en la ubicaci\u00f3n privilegiada que ofrece la playa de Montg\u00f3, un rinc\u00f3n del mediterr\u00e1neo en plena Costa Brava, que da a nuestros platos un toque especial. A que esperas para saborearlo?[\/vc_column_text][\/vc_column_inner][\/vc_row_inner][vc_empty_space height=\u00bb20px\u00bb][\/vc_column][\/vc_row][vc_row][vc_column el_class=\u00bbdoble-caja-container container-izquierda\u00bb][vc_row_inner el_class=\u00bbsub-container\u00bb][vc_column_inner el_class=\u00bb.doble-caja-flotada-izquierda\u00bb width=\u00bb1\/2&#8243;]<div id=\"ultimate-heading-977769d333d10ca03\" class=\"uvc-heading ult-adjust-bottom-margin ultimate-heading-977769d333d10ca03 uvc-6763 \" data-hspacer=\"no_spacer\"  data-halign=\"left\" style=\"text-align:left\"><div class=\"uvc-heading-spacer no_spacer\" style=\"top\"><\/div><div class=\"uvc-main-heading ult-responsive\"  data-ultimate-target='.uvc-heading.ultimate-heading-977769d333d10ca03 h1'  data-responsive-json-new='{\"font-size\":\"desktop:80px;\",\"line-height\":\"\"}' ><h1 style=\"font-family:&#039;Kristi&#039;;font-weight:normal;color:#db8c65;\">instagram<\/h1><\/div><div class=\"uvc-sub-heading ult-responsive\"  data-ultimate-target='.uvc-heading.ultimate-heading-977769d333d10ca03 .uvc-sub-heading '  data-responsive-json-new='{\"font-size\":\"desktop:30px;\",\"line-height\":\"\"}'  style=\"font-family:&#039;Open Sans&#039;;font-weight:300;color:#000000;\">CAN MIQUEL<\/p>\n<p><\/div><\/div>[vc_column_text css=\u00bb\u00bb]<strong>S\u00edguenos en Instagram y ent\u00e9rate de los \u00faltimos tratamientos est\u00e9ticos<\/strong><\/p>\n<p>Descubre nuestro Instagram, con las \u00faltimas novedades en gastronom\u00eda mediterr\u00e1nea. Por lo tanto, est\u00e1s a tan solo un clic de estar al corriente de las \u00faltimas novedades.<\/p>\n<p>&nbsp;<\/p>\n<p><a style=\"color: #000;\" href=\"https:\/\/www.instagram.com\/canmiquelrestaurant\/\" target=\"_blank\" rel=\"noopener\"><strong>S\u00edguenos en Instagram<\/strong><\/a>[\/vc_column_text][vc_empty_space height=\u00bb20px\u00bb][\/vc_column_inner][vc_column_inner el_class=\u00bbimg-derecha\u00bb width=\u00bb1\/2&#8243;][vc_single_image image=\u00bb38394&#8243; img_size=\u00bbfull\u00bb css=\u00bb\u00bb][\/vc_column_inner][\/vc_row_inner][\/vc_column][\/vc_row][vc_row][vc_column][vc_empty_space height=\u00bb70px\u00bb][\/vc_column][\/vc_row]<\/p>\n<\/div>","protected":false},"excerpt":{"rendered":"<p>[vc_row][vc_column][vc_empty_space height=\u00bb70px\u00bb][\/vc_column][vc_column el_class=\u00bbdoble-caja-container\u00bb][vc_row_inner][vc_column_inner el_class=\u00bbdoble-caja-imagen\u00bb width=\u00bb1\/2&#8243;][vc_single_image image=\u00bb36286&#8243; img_size=\u00bbfull\u00bb add_caption=\u00bbyes\u00bb][\/vc_column_inner][vc_column_inner el_class=\u00bbdoble-caja-flotada-derecha\u00bb width=\u00bb1\/2&#8243;][vc_column_text el_class=\u00bbdoble-caja-titulo-fuente\u00bb]descubre\u00a0nuestra[\/vc_column_text][vc_column_text] HISTORIA [\/vc_column_text][vc_column_text] CAN MIQUEL [\/vc_column_text][vc_column_text]El restaurante Can Miquel es un peque\u00f1o oasis en la Cala Montg\u00f3 donde encontrareis cuidadosa cocina mediterr\u00e1nea, con productos de proximidad. Os invitamos a disfrutar platos elaborados vigilando hasta el ultimo detalle. Productos del Empord\u00e0, frescos y de la mejor&hellip;<\/p>\n","protected":false},"author":1,"featured_media":0,"parent":0,"menu_order":0,"comment_status":"closed","ping_status":"closed","template":"","meta":{"_acf_changed":false},"class_list":["post-36303","page","type-page","status-publish","hentry","description-off"],"acf":[],"yoast_head":"<!-- This site is optimized with the Yoast SEO plugin v27.1.1 - https:\/\/yoast.com\/product\/yoast-seo-wordpress\/ -->\n<title>Restaurante Mediterr\u00e1neo | Costa Brava | Can Miquel<\/title>\n<meta name=\"description\" content=\"Descubre en Can Miquel la esencia del Mediterraneo con nuestros platos tradicionales y vistas insuperables\" \/>\n<meta name=\"robots\" content=\"index, follow, max-snippet:-1, max-image-preview:large, max-video-preview:-1\" \/>\n<link rel=\"canonical\" href=\"https:\/\/canmiquelrestaurant.com\/es\/\" \/>\n<meta property=\"og:locale\" content=\"es_ES\" \/>\n<meta property=\"og:type\" content=\"article\" \/>\n<meta property=\"og:title\" content=\"Restaurante Mediterr\u00e1neo | Costa Brava | Can Miquel\" \/>\n<meta property=\"og:description\" content=\"Descubre en Can Miquel la esencia del Mediterraneo con nuestros platos tradicionales y vistas insuperables\" \/>\n<meta property=\"og:url\" content=\"https:\/\/canmiquelrestaurant.com\/es\/\" \/>\n<meta property=\"og:site_name\" content=\"Can Miquel\" \/>\n<meta property=\"article:publisher\" content=\"https:\/\/www.facebook.com\/canmiquelrestaurant\/\" \/>\n<meta property=\"article:modified_time\" content=\"2026-03-19T11:01:46+00:00\" \/>\n<meta name=\"twitter:card\" content=\"summary_large_image\" \/>\n<meta name=\"twitter:label1\" content=\"Tiempo de lectura\" \/>\n\t<meta name=\"twitter:data1\" content=\"2 minutos\" \/>\n<script type=\"application\/ld+json\" class=\"yoast-schema-graph\">{\"@context\":\"https:\/\/schema.org\",\"@graph\":[{\"@type\":\"WebPage\",\"@id\":\"https:\/\/canmiquelrestaurant.com\/es\/\",\"url\":\"https:\/\/canmiquelrestaurant.com\/es\/\",\"name\":\"Restaurante Mediterr\u00e1neo | Costa Brava | Can Miquel\",\"isPartOf\":{\"@id\":\"https:\/\/canmiquelrestaurant.com\/es\/#website\"},\"datePublished\":\"2016-07-28T08:44:28+00:00\",\"dateModified\":\"2026-03-19T11:01:46+00:00\",\"description\":\"Descubre en Can Miquel la esencia del Mediterraneo con nuestros platos tradicionales y vistas insuperables\",\"breadcrumb\":{\"@id\":\"https:\/\/canmiquelrestaurant.com\/es\/#breadcrumb\"},\"inLanguage\":\"es\",\"potentialAction\":[{\"@type\":\"ReadAction\",\"target\":[\"https:\/\/canmiquelrestaurant.com\/es\/\"]}]},{\"@type\":\"BreadcrumbList\",\"@id\":\"https:\/\/canmiquelrestaurant.com\/es\/#breadcrumb\",\"itemListElement\":[{\"@type\":\"ListItem\",\"position\":1,\"name\":\"Portada\",\"item\":\"https:\/\/canmiquelrestaurant.com\/es\/\"},{\"@type\":\"ListItem\",\"position\":2,\"name\":\"Home\"}]},{\"@type\":\"WebSite\",\"@id\":\"https:\/\/canmiquelrestaurant.com\/es\/#website\",\"url\":\"https:\/\/canmiquelrestaurant.com\/es\/\",\"name\":\"Can Miquel\",\"description\":\"El restaurant Can Miquel \u00e9s un petit oasi a la Cala Montg\u00f3\",\"potentialAction\":[{\"@type\":\"SearchAction\",\"target\":{\"@type\":\"EntryPoint\",\"urlTemplate\":\"https:\/\/canmiquelrestaurant.com\/es\/?s={search_term_string}\"},\"query-input\":{\"@type\":\"PropertyValueSpecification\",\"valueRequired\":true,\"valueName\":\"search_term_string\"}}],\"inLanguage\":\"es\"}]}<\/script>\n<!-- \/ Yoast SEO plugin. -->","yoast_head_json":{"title":"Restaurante Mediterr\u00e1neo | Costa Brava | Can Miquel","description":"Descubre en Can Miquel la esencia del Mediterraneo con nuestros platos tradicionales y vistas insuperables","robots":{"index":"index","follow":"follow","max-snippet":"max-snippet:-1","max-image-preview":"max-image-preview:large","max-video-preview":"max-video-preview:-1"},"canonical":"https:\/\/canmiquelrestaurant.com\/es\/","og_locale":"es_ES","og_type":"article","og_title":"Restaurante Mediterr\u00e1neo | Costa Brava | Can Miquel","og_description":"Descubre en Can Miquel la esencia del Mediterraneo con nuestros platos tradicionales y vistas insuperables","og_url":"https:\/\/canmiquelrestaurant.com\/es\/","og_site_name":"Can Miquel","article_publisher":"https:\/\/www.facebook.com\/canmiquelrestaurant\/","article_modified_time":"2026-03-19T11:01:46+00:00","twitter_card":"summary_large_image","twitter_misc":{"Tiempo de lectura":"2 minutos"},"schema":{"@context":"https:\/\/schema.org","@graph":[{"@type":"WebPage","@id":"https:\/\/canmiquelrestaurant.com\/es\/","url":"https:\/\/canmiquelrestaurant.com\/es\/","name":"Restaurante Mediterr\u00e1neo | Costa Brava | Can Miquel","isPartOf":{"@id":"https:\/\/canmiquelrestaurant.com\/es\/#website"},"datePublished":"2016-07-28T08:44:28+00:00","dateModified":"2026-03-19T11:01:46+00:00","description":"Descubre en Can Miquel la esencia del Mediterraneo con nuestros platos tradicionales y vistas insuperables","breadcrumb":{"@id":"https:\/\/canmiquelrestaurant.com\/es\/#breadcrumb"},"inLanguage":"es","potentialAction":[{"@type":"ReadAction","target":["https:\/\/canmiquelrestaurant.com\/es\/"]}]},{"@type":"BreadcrumbList","@id":"https:\/\/canmiquelrestaurant.com\/es\/#breadcrumb","itemListElement":[{"@type":"ListItem","position":1,"name":"Portada","item":"https:\/\/canmiquelrestaurant.com\/es\/"},{"@type":"ListItem","position":2,"name":"Home"}]},{"@type":"WebSite","@id":"https:\/\/canmiquelrestaurant.com\/es\/#website","url":"https:\/\/canmiquelrestaurant.com\/es\/","name":"Can Miquel","description":"El restaurant Can Miquel \u00e9s un petit oasi a la Cala Montg\u00f3","potentialAction":[{"@type":"SearchAction","target":{"@type":"EntryPoint","urlTemplate":"https:\/\/canmiquelrestaurant.com\/es\/?s={search_term_string}"},"query-input":{"@type":"PropertyValueSpecification","valueRequired":true,"valueName":"search_term_string"}}],"inLanguage":"es"}]}},"_links":{"self":[{"href":"https:\/\/canmiquelrestaurant.com\/es\/wp-json\/wp\/v2\/pages\/36303","targetHints":{"allow":["GET"]}}],"collection":[{"href":"https:\/\/canmiquelrestaurant.com\/es\/wp-json\/wp\/v2\/pages"}],"about":[{"href":"https:\/\/canmiquelrestaurant.com\/es\/wp-json\/wp\/v2\/types\/page"}],"author":[{"embeddable":true,"href":"https:\/\/canmiquelrestaurant.com\/es\/wp-json\/wp\/v2\/users\/1"}],"replies":[{"embeddable":true,"href":"https:\/\/canmiquelrestaurant.com\/es\/wp-json\/wp\/v2\/comments?post=36303"}],"version-history":[{"count":4,"href":"https:\/\/canmiquelrestaurant.com\/es\/wp-json\/wp\/v2\/pages\/36303\/revisions"}],"predecessor-version":[{"id":38441,"href":"https:\/\/canmiquelrestaurant.com\/es\/wp-json\/wp\/v2\/pages\/36303\/revisions\/38441"}],"wp:attachment":[{"href":"https:\/\/canmiquelrestaurant.com\/es\/wp-json\/wp\/v2\/media?parent=36303"}],"curies":[{"name":"wp","href":"https:\/\/api.w.org\/{rel}","templated":true}]}}