{"id":36301,"date":"2016-07-28T08:37:47","date_gmt":"2016-07-28T08:37:47","guid":{"rendered":"http:\/\/canmiquelrestaurant.com\/es\/?page_id=36301"},"modified":"2017-04-21T12:51:31","modified_gmt":"2017-04-21T10:51:31","slug":"restaurante-en-la-escala","status":"publish","type":"page","link":"https:\/\/canmiquelrestaurant.com\/es\/restaurante-en-la-escala\/","title":{"rendered":"Restaurante"},"content":{"rendered":"<div class=\"wpb-content-wrapper\"><p>[vc_row][vc_column]<div id=\"ultimate-heading-63769dbb0e46284f\" class=\"uvc-heading ult-adjust-bottom-margin ultimate-heading-63769dbb0e46284f uvc-7184 \" data-hspacer=\"no_spacer\"  data-halign=\"center\" style=\"text-align:center\"><div class=\"uvc-heading-spacer no_spacer\" style=\"top\"><\/div><div class=\"uvc-main-heading ult-responsive\"  data-ultimate-target='.uvc-heading.ultimate-heading-63769dbb0e46284f h1'  data-responsive-json-new='{\"font-size\":\"desktop:80px;\",\"line-height\":\"\"}' ><h1 style=\"font-family:&#039;Kristi&#039;;font-weight:normal;color:#db8c65;\">el restaurante<\/h1><\/div><div class=\"uvc-sub-heading ult-responsive\"  data-ultimate-target='.uvc-heading.ultimate-heading-63769dbb0e46284f .uvc-sub-heading '  data-responsive-json-new='{\"font-size\":\"desktop:30px;\",\"line-height\":\"\"}'  style=\"font-family:&#039;Open Sans&#039;;font-weight:300;color:#000000;\">CAN MIQUEL<\/div><\/div>[vc_empty_space height=\u00bb35px\u00bb][\/vc_column][\/vc_row][vc_row][vc_column el_class=\u00bbdoble-caja-container-derecha\u00bb][vc_row_inner][vc_column_inner el_class=\u00bbdoble-caja-imagen\u00bb width=\u00bb1\/2&#8243;][vc_single_image image=\u00bb36013&#8243; img_size=\u00bbfull\u00bb add_caption=\u00bbyes\u00bb][\/vc_column_inner][vc_column_inner el_class=\u00bbdoble-caja-flotada\u00bb width=\u00bb1\/2&#8243;][vc_column_text el_class=\u00bbdoble-caja-titulo-fuente\u00bb]<span id=\"result_box\" class=\"short_text\" lang=\"ca\"><span class=\"\">el entorno<\/span><\/span>[\/vc_column_text][vc_column_text]<\/p>\n<h1>CALA MONTG\u00d3<\/h1>\n<p>[\/vc_column_text][vc_column_text el_class=\u00bbdoble-caja-contenido\u00bb]El restaurante Can Miquel se encuentra en la Cala Montg\u00f3, una de las zonas mas apreciadas de la Costa Brava, la costa norte de Catalu\u00f1a, en la localidad de l&#8217;Escala. Esta ubicaci\u00f3n privilegiada dota al restaurante Can Miquel de un ambiente \u00fanico en el litoral catal\u00e1n. El sonido de las olas, el aroma del mar y la calma propia de una cala \u00fanica hacen que este lugar tenga una magia especial, tanto como para disfrutar de una comida en familia como para una cena rom\u00e1ntica en pareja, Can Miquel tiene un ambiente que har\u00e1 de cada comida todo un evento.[\/vc_column_text][\/vc_column_inner][\/vc_row_inner][vc_empty_space height=\u00bb20px\u00bb][\/vc_column][\/vc_row][vc_row][vc_column el_class=\u00bbdoble-caja-container-izquierda\u00bb][vc_row_inner][vc_column_inner el_class=\u00bbdoble-caja-imagen\u00bb width=\u00bb1\/2&#8243;][vc_single_image image=\u00bb36019&#8243; img_size=\u00bbfull\u00bb add_caption=\u00bbyes\u00bb][\/vc_column_inner][vc_column_inner el_class=\u00bbdoble-caja-flotada\u00bb width=\u00bb1\/2&#8243;][vc_column_text el_class=\u00bbdoble-caja-titulo-fuente\u00bb]nuestra[\/vc_column_text][vc_column_text]<\/p>\n<h1>HISTORIA<\/h1>\n<p>[\/vc_column_text][vc_column_text el_class=\u00bbdoble-caja-contenido\u00bb]Restaurante de origen mediterr\u00e1neo, dedicado a la cocina tradicional desde sus inicios, hemos crecido y evolucionado con los nuevos tiempos y la nueva cocina siempre sin dejar de lado la esencia que nos caracteriza: la cocina de proximidad y les recetas tradicionales. Damos la bienvenida a una nueva generaci\u00f3n de cocineros con reconocida experiencia que dar\u00e1n a la cocina mediterr\u00e1nea y de proximidad de Can Miquel el toque distintivo de contemporaneidad que se merece.[\/vc_column_text][\/vc_column_inner][\/vc_row_inner][vc_empty_space height=\u00bb20px\u00bb][\/vc_column][\/vc_row][vc_row][vc_column el_class=\u00bbdoble-caja-container-derecha\u00bb][vc_row_inner][vc_column_inner el_class=\u00bbdoble-caja-imagen\u00bb width=\u00bb1\/2&#8243;][vc_single_image image=\u00bb36020&#8243; img_size=\u00bbfull\u00bb add_caption=\u00bbyes\u00bb][\/vc_column_inner][vc_column_inner el_class=\u00bbdoble-caja-flotada\u00bb width=\u00bb1\/2&#8243;][vc_column_text el_class=\u00bbdoble-caja-titulo-fuente\u00bb]<span id=\"result_box\" class=\"short_text\" lang=\"ca\"><span class=\"\">sabor a mediterr\u00e1neo<\/span><\/span>[\/vc_column_text][vc_column_text]<\/p>\n<h1>RESTAURANTE<\/h1>\n<p>[\/vc_column_text][vc_column_text el_class=\u00bbdoble-caja-contenido\u00bb]Cada plato elaborado en la cocina de Can Miquel tiene como protagonistas productos de proximidad, elaborados de forma cuidadosa, vigilando hasta el ultimo detalle para que en cada cucharada, pod\u00e1is saborear un trocito de mediterr\u00e1neo. Productos de calidad transformados en una fusi\u00f3n de sabores que recuerdan a la cocina tradicional de la costa catalana, siempre con el toque especial de Can Miquel. Notas de sabor que combinan a la perfecci\u00f3n con los vinos de la tierra. Ven a Can Miquel a saborear el equilibrio perfecto de gusto aroma y textura. Carne, pescado pero sobretodo arroces que te llevaran al mediterr\u00e1neo con cada bocado.[\/vc_column_text][\/vc_column_inner][\/vc_row_inner][vc_empty_space height=\u00bb20px\u00bb][\/vc_column][\/vc_row]<\/p>\n<\/div>","protected":false},"excerpt":{"rendered":"<p>[vc_row][vc_column][vc_empty_space height=\u00bb35px\u00bb][\/vc_column][\/vc_row][vc_row][vc_column el_class=\u00bbdoble-caja-container-derecha\u00bb][vc_row_inner][vc_column_inner el_class=\u00bbdoble-caja-imagen\u00bb width=\u00bb1\/2&#8243;][vc_single_image image=\u00bb36013&#8243; img_size=\u00bbfull\u00bb add_caption=\u00bbyes\u00bb][\/vc_column_inner][vc_column_inner el_class=\u00bbdoble-caja-flotada\u00bb width=\u00bb1\/2&#8243;][vc_column_text el_class=\u00bbdoble-caja-titulo-fuente\u00bb]el entorno[\/vc_column_text][vc_column_text] CALA MONTG\u00d3 [\/vc_column_text][vc_column_text el_class=\u00bbdoble-caja-contenido\u00bb]El restaurante Can Miquel se encuentra en la Cala Montg\u00f3, una de las zonas mas apreciadas de la Costa Brava, la costa norte de Catalu\u00f1a, en la localidad de l&#8217;Escala. Esta ubicaci\u00f3n privilegiada dota al restaurante Can Miquel de un&hellip;<\/p>\n","protected":false},"author":1,"featured_media":0,"parent":0,"menu_order":0,"comment_status":"closed","ping_status":"closed","template":"","meta":{"_acf_changed":false},"class_list":["post-36301","page","type-page","status-publish","hentry","description-off"],"acf":[],"yoast_head":"<!-- This site is optimized with the Yoast SEO plugin v27.1.1 - https:\/\/yoast.com\/product\/yoast-seo-wordpress\/ -->\n<title>Restaurante tradicional en la Escala | Can Miquel<\/title>\n<meta name=\"description\" content=\"Esc\u00e1pate a la Costa Brava en busca de sabores y gastronom\u00eda de mercado \u00a1Con vistas a Cala Montg\u00f3!\" \/>\n<meta name=\"robots\" content=\"index, follow, max-snippet:-1, max-image-preview:large, max-video-preview:-1\" \/>\n<link rel=\"canonical\" href=\"https:\/\/canmiquelrestaurant.com\/es\/restaurante-en-la-escala\/\" \/>\n<meta property=\"og:locale\" content=\"es_ES\" \/>\n<meta property=\"og:type\" content=\"article\" \/>\n<meta property=\"og:title\" content=\"Restaurante tradicional en la Escala | Can Miquel\" \/>\n<meta property=\"og:description\" content=\"Esc\u00e1pate a la Costa Brava en busca de sabores y gastronom\u00eda de mercado \u00a1Con vistas a Cala Montg\u00f3!\" \/>\n<meta property=\"og:url\" content=\"https:\/\/canmiquelrestaurant.com\/es\/restaurante-en-la-escala\/\" \/>\n<meta property=\"og:site_name\" content=\"Can Miquel\" \/>\n<meta property=\"article:publisher\" content=\"https:\/\/www.facebook.com\/canmiquelrestaurant\/\" \/>\n<meta property=\"article:modified_time\" content=\"2017-04-21T10:51:31+00:00\" \/>\n<meta name=\"twitter:card\" content=\"summary_large_image\" \/>\n<meta name=\"twitter:label1\" content=\"Tiempo de lectura\" \/>\n\t<meta name=\"twitter:data1\" content=\"3 minutos\" \/>\n<script type=\"application\/ld+json\" class=\"yoast-schema-graph\">{\"@context\":\"https:\/\/schema.org\",\"@graph\":[{\"@type\":\"WebPage\",\"@id\":\"https:\/\/canmiquelrestaurant.com\/es\/restaurante-en-la-escala\/\",\"url\":\"https:\/\/canmiquelrestaurant.com\/es\/restaurante-en-la-escala\/\",\"name\":\"Restaurante tradicional en la Escala | Can Miquel\",\"isPartOf\":{\"@id\":\"https:\/\/canmiquelrestaurant.com\/es\/#website\"},\"datePublished\":\"2016-07-28T08:37:47+00:00\",\"dateModified\":\"2017-04-21T10:51:31+00:00\",\"description\":\"Esc\u00e1pate a la Costa Brava en busca de sabores y gastronom\u00eda de mercado \u00a1Con vistas a Cala Montg\u00f3!\",\"breadcrumb\":{\"@id\":\"https:\/\/canmiquelrestaurant.com\/es\/restaurante-en-la-escala\/#breadcrumb\"},\"inLanguage\":\"es\",\"potentialAction\":[{\"@type\":\"ReadAction\",\"target\":[\"https:\/\/canmiquelrestaurant.com\/es\/restaurante-en-la-escala\/\"]}]},{\"@type\":\"BreadcrumbList\",\"@id\":\"https:\/\/canmiquelrestaurant.com\/es\/restaurante-en-la-escala\/#breadcrumb\",\"itemListElement\":[{\"@type\":\"ListItem\",\"position\":1,\"name\":\"Portada\",\"item\":\"https:\/\/canmiquelrestaurant.com\/es\/\"},{\"@type\":\"ListItem\",\"position\":2,\"name\":\"Restaurante\"}]},{\"@type\":\"WebSite\",\"@id\":\"https:\/\/canmiquelrestaurant.com\/es\/#website\",\"url\":\"https:\/\/canmiquelrestaurant.com\/es\/\",\"name\":\"Can Miquel\",\"description\":\"El restaurant Can Miquel \u00e9s un petit oasi a la Cala Montg\u00f3\",\"potentialAction\":[{\"@type\":\"SearchAction\",\"target\":{\"@type\":\"EntryPoint\",\"urlTemplate\":\"https:\/\/canmiquelrestaurant.com\/es\/?s={search_term_string}\"},\"query-input\":{\"@type\":\"PropertyValueSpecification\",\"valueRequired\":true,\"valueName\":\"search_term_string\"}}],\"inLanguage\":\"es\"}]}<\/script>\n<!-- \/ Yoast SEO plugin. -->","yoast_head_json":{"title":"Restaurante tradicional en la Escala | Can Miquel","description":"Esc\u00e1pate a la Costa Brava en busca de sabores y gastronom\u00eda de mercado \u00a1Con vistas a Cala Montg\u00f3!","robots":{"index":"index","follow":"follow","max-snippet":"max-snippet:-1","max-image-preview":"max-image-preview:large","max-video-preview":"max-video-preview:-1"},"canonical":"https:\/\/canmiquelrestaurant.com\/es\/restaurante-en-la-escala\/","og_locale":"es_ES","og_type":"article","og_title":"Restaurante tradicional en la Escala | Can Miquel","og_description":"Esc\u00e1pate a la Costa Brava en busca de sabores y gastronom\u00eda de mercado \u00a1Con vistas a Cala Montg\u00f3!","og_url":"https:\/\/canmiquelrestaurant.com\/es\/restaurante-en-la-escala\/","og_site_name":"Can Miquel","article_publisher":"https:\/\/www.facebook.com\/canmiquelrestaurant\/","article_modified_time":"2017-04-21T10:51:31+00:00","twitter_card":"summary_large_image","twitter_misc":{"Tiempo de lectura":"3 minutos"},"schema":{"@context":"https:\/\/schema.org","@graph":[{"@type":"WebPage","@id":"https:\/\/canmiquelrestaurant.com\/es\/restaurante-en-la-escala\/","url":"https:\/\/canmiquelrestaurant.com\/es\/restaurante-en-la-escala\/","name":"Restaurante tradicional en la Escala | Can Miquel","isPartOf":{"@id":"https:\/\/canmiquelrestaurant.com\/es\/#website"},"datePublished":"2016-07-28T08:37:47+00:00","dateModified":"2017-04-21T10:51:31+00:00","description":"Esc\u00e1pate a la Costa Brava en busca de sabores y gastronom\u00eda de mercado \u00a1Con vistas a Cala Montg\u00f3!","breadcrumb":{"@id":"https:\/\/canmiquelrestaurant.com\/es\/restaurante-en-la-escala\/#breadcrumb"},"inLanguage":"es","potentialAction":[{"@type":"ReadAction","target":["https:\/\/canmiquelrestaurant.com\/es\/restaurante-en-la-escala\/"]}]},{"@type":"BreadcrumbList","@id":"https:\/\/canmiquelrestaurant.com\/es\/restaurante-en-la-escala\/#breadcrumb","itemListElement":[{"@type":"ListItem","position":1,"name":"Portada","item":"https:\/\/canmiquelrestaurant.com\/es\/"},{"@type":"ListItem","position":2,"name":"Restaurante"}]},{"@type":"WebSite","@id":"https:\/\/canmiquelrestaurant.com\/es\/#website","url":"https:\/\/canmiquelrestaurant.com\/es\/","name":"Can Miquel","description":"El restaurant Can Miquel \u00e9s un petit oasi a la Cala Montg\u00f3","potentialAction":[{"@type":"SearchAction","target":{"@type":"EntryPoint","urlTemplate":"https:\/\/canmiquelrestaurant.com\/es\/?s={search_term_string}"},"query-input":{"@type":"PropertyValueSpecification","valueRequired":true,"valueName":"search_term_string"}}],"inLanguage":"es"}]}},"_links":{"self":[{"href":"https:\/\/canmiquelrestaurant.com\/es\/wp-json\/wp\/v2\/pages\/36301","targetHints":{"allow":["GET"]}}],"collection":[{"href":"https:\/\/canmiquelrestaurant.com\/es\/wp-json\/wp\/v2\/pages"}],"about":[{"href":"https:\/\/canmiquelrestaurant.com\/es\/wp-json\/wp\/v2\/types\/page"}],"author":[{"embeddable":true,"href":"https:\/\/canmiquelrestaurant.com\/es\/wp-json\/wp\/v2\/users\/1"}],"replies":[{"embeddable":true,"href":"https:\/\/canmiquelrestaurant.com\/es\/wp-json\/wp\/v2\/comments?post=36301"}],"version-history":[{"count":0,"href":"https:\/\/canmiquelrestaurant.com\/es\/wp-json\/wp\/v2\/pages\/36301\/revisions"}],"wp:attachment":[{"href":"https:\/\/canmiquelrestaurant.com\/es\/wp-json\/wp\/v2\/media?parent=36301"}],"curies":[{"name":"wp","href":"https:\/\/api.w.org\/{rel}","templated":true}]}}